{"id":1191,"date":"2025-03-30T11:46:26","date_gmt":"2025-03-30T11:46:26","guid":{"rendered":"https:\/\/renefuel.com\/aviso-legal\/"},"modified":"2025-04-20T19:41:18","modified_gmt":"2025-04-20T19:41:18","slug":"aviso-legal","status":"publish","type":"page","link":"https:\/\/renefuel.com\/es\/aviso-legal\/","title":{"rendered":"Aviso legal"},"content":{"rendered":"\t\t<div data-elementor-type=\"wp-page\" data-elementor-id=\"1191\" class=\"elementor elementor-1191 elementor-1060\" data-elementor-post-type=\"page\">\n\t\t\t\t<div class=\"elementor-element elementor-element-7906b36e e-con-full e-flex e-con e-parent\" data-id=\"7906b36e\" data-element_type=\"container\" data-e-type=\"container\">\n\t\t\t\t<div class=\"elementor-element elementor-element-6981a8e elementor-widget elementor-widget-text-editor\" data-id=\"6981a8e\" data-element_type=\"widget\" data-e-type=\"widget\" data-widget_type=\"text-editor.default\">\n\t\t\t\t<div class=\"elementor-widget-container\">\n\t\t\t\t\t\t\t\t\t<header><h1> <\/h1><\/header><div><h2 style=\"font-family: Poppins, sans-serif; color: #324a6d;\">Identificaci\u00f3n y propiedad<\/h2><p>De acuerdo con las normas sobre Servicios de la Sociedad de la Informaci\u00f3n y Comercio Electr\u00f3nico, el Titular de los Datos presenta sus datos de identificaci\u00f3n:<\/p><ul><li><b>Propietario:<\/b> Renefuel &#8211; Cambio de Combustible, Lda.<\/li><li><b>NIF<\/b> 518721043<\/li><\/ul><ul><li><b style=\"background-color: transparent;\"><span style=\"font-weight: bolder;\">Direcci\u00f3n<\/span>:<\/b><span style=\"background-color: transparent;\"> Pra\u00e7a Conde de Agrolongo 123, 4700-312 Braga<\/span><\/li><\/ul><ul><li><b>Correo electr\u00f3nico:<\/b> info@renefuel.com<\/li><\/ul><ul><li><b>P\u00e1gina web:<\/b> <a href=\"https:\/\/renefuel.com\/es\/\">https:\/\/renefuel.com<\/a><\/li><\/ul><h2 style=\"font-family: Poppins, sans-serif; color: #324a6d;\">Objetivo<\/h2><p>La finalidad del sitio web es: Desarrollo de portadores de energ\u00eda alternativa.<\/p><h2 style=\"font-family: Poppins, sans-serif; color: #324a6d;\">Condiciones de uso<\/h2><p>La utilizaci\u00f3n del sitio web atribuye la condici\u00f3n de Usuario e implica la aceptaci\u00f3n plena de todas las cl\u00e1usulas y condiciones de uso incluidas en las p\u00e1ginas:<\/p><ul><li><a href=\"https:\/\/renefuel.com\/es\/aviso-legal\/\">Aviso legal<\/a><\/li><li><a href=\"https:\/\/renefuel.com\/es\/politica-de-privacidad\/\">Pol\u00edtica de privacidad<\/a><\/li><li><a href=\"https:\/\/renefuel.com\/es\/politica-de-cookies\/\">Pol\u00edtica de cookies<\/a><\/li><\/ul><p>Si no est\u00e1s de acuerdo con todos y cada uno de estos t\u00e9rminos y condiciones, no debes utilizar el sitio web.<\/p><p>El acceso al sitio web no supone en modo alguno el inicio de una relaci\u00f3n comercial con el Propietario.<\/p><p>A trav\u00e9s del Sitio Web, el Propietario te facilita el acceso y la utilizaci\u00f3n de diversos contenidos que el Propietario y\/o sus colaboradores han publicado en Internet.<\/p><p>A tal efecto, el usuario se obliga a NO utilizar cualquiera de los contenidos del Sitio Web con fines o efectos il\u00edcitos, prohibidos en el presente Aviso Legal o en la legislaci\u00f3n vigente, lesivos de los derechos e intereses de terceros, o que de cualquier forma puedan da\u00f1ar, inutilizar, sobrecargar, deteriorar o impedir la normal utilizaci\u00f3n de los contenidos, los equipos inform\u00e1ticos o los documentos, archivos y toda clase de contenidos almacenados en cualquier equipo inform\u00e1tico propios o contratados por el Titular, de otros usuarios o de cualquier usuario de Internet.<\/p><p>El Propietario se reserva el derecho de retirar todos aquellos comentarios que vulneren la legislaci\u00f3n vigente, que sean lesivos de derechos o intereses de terceros o que, a su juicio, no resultaran adecuados para su publicaci\u00f3n.<\/p><p>El Propietario no se hace responsable de las opiniones vertidas por los usuarios a trav\u00e9s del sistema de comentarios, redes sociales u otras herramientas de participaci\u00f3n, de conformidad con lo dispuesto en la normativa aplicable.<\/p><h2 style=\"font-family: Poppins, sans-serif; color: #324a6d;\">Medidas de seguridad<\/h2><p>Los datos personales facilitados al Titular podr\u00e1n ser almacenados en bases de datos automatizadas o no, cuya titularidad corresponde en exclusiva al Titular, asumiendo \u00e9ste todas las medidas de \u00edndole t\u00e9cnica, organizativa y de seguridad que garantizan la confidencialidad, integridad y calidad de la informaci\u00f3n contenida en las mismas de acuerdo con lo establecido en la normativa vigente en protecci\u00f3n de datos.<\/p><p>No obstante, debes ser consciente de que las medidas de seguridad de los sistemas inform\u00e1ticos en Internet no son enteramente fiables y que, por tanto, el Titular no puede garantizar la inexistencia de virus u otros elementos que puedan producir alteraciones en los sistemas inform\u00e1ticos (software y hardware) del Usuario o en sus documentos electr\u00f3nicos y ficheros contenidos en los mismos, aunque desarrollar\u00e1 sus mejores esfuerzos y adoptar\u00e1 las medidas de seguridad necesarias para evitar la presencia de dichos elementos da\u00f1inos.<\/p><h2 style=\"font-family: Poppins, sans-serif; color: #324a6d;\">Tratamiento de datos personales<\/h2><p><span style=\"color: var( --e-global-color-text ); font-family: var( --e-global-typography-text-font-family ), Sans-serif; font-size: var( --e-global-typography-text-font-size ); font-style: var( --e-global-typography-text-font-style ); font-weight: var( --e-global-typography-text-font-weight ); letter-spacing: var( --e-global-typography-text-letter-spacing ); text-transform: var( --e-global-typography-text-text-transform ); word-spacing: var( --e-global-typography-text-word-spacing ); background-color: var( --e-global-color-c696dce );\">Puedes consultar toda la informaci\u00f3n relativa al tratamiento de los datos personales recogidos por el responsable del tratamiento en la<\/span> p\u00e1gina <a href=\"https:\/\/renefuel.com\/es\/politica-de-privacidad\/\">Pol\u00edtica de privacidad<\/a>.<\/p><h2 style=\"font-family: Poppins, sans-serif; color: #324a6d;\">Contenido<\/h2><p>El Propietario ha obtenido la informaci\u00f3n, los contenidos multimedia y los materiales incluidos en el Sitio Web de fuentes que considera fiables, pero aunque ha tomado todas las medidas razonables para asegurarse de que la informaci\u00f3n contenida sea correcta, el Propietario no garantiza que sea exacta, completa o actualizada. El Propietario declina expresamente cualquier responsabilidad por errores u omisiones en la informaci\u00f3n contenida en las p\u00e1ginas del sitio web. <\/p><p>Queda prohibido transmitir o enviar a trav\u00e9s del Sitio Web cualquier contenido ilegal o il\u00edcito, virus inform\u00e1ticos, o mensajes que, en general, afecten o violen derechos del Titular o de terceros.<\/p><p>El contenido del sitio web s\u00f3lo tiene fines informativos y en ning\u00fan caso debe utilizarse o considerarse como una oferta de venta, una solicitud de oferta de compra o una recomendaci\u00f3n para realizar cualquier otra transacci\u00f3n, a menos que se indique expresamente lo contrario.<\/p><p>El Propietario se reserva el derecho a modificar, suspender, cancelar o restringir el contenido de la Web, los v\u00ednculos o la informaci\u00f3n obtenida a trav\u00e9s de ella, sin necesidad de previo aviso.<\/p><p>El Propietario no ser\u00e1 responsable de ning\u00fan da\u00f1o que pueda derivarse del uso de la informaci\u00f3n del sitio web o de la informaci\u00f3n contenida en las redes sociales del Propietario.<\/p><h2>Pol\u00edtica de cookies<\/h2><p><span style=\"color: var( --e-global-color-text ); font-family: var( --e-global-typography-text-font-family ), Sans-serif; font-size: var( --e-global-typography-text-font-size ); font-style: var( --e-global-typography-text-font-style ); font-weight: var( --e-global-typography-text-font-weight ); letter-spacing: var( --e-global-typography-text-letter-spacing ); text-transform: var( --e-global-typography-text-text-transform ); word-spacing: var( --e-global-typography-text-word-spacing ); background-color: var( --e-global-color-c696dce );\">Puedes consultar toda la informaci\u00f3n sobre la pol\u00edtica de recogida y tratamiento de cookies en la<\/span> p\u00e1gina <a href=\"https:\/\/renefuel.com\/es\/politica-de-cookies\/\">Pol\u00edtica de cookies<\/a>.<\/p><h2 style=\"font-family: Poppins, sans-serif; color: #324a6d;\">Enlaces a otros sitios web<\/h2><p>El Titular podr\u00e1 proporcionar al Usuario el acceso a p\u00e1ginas web de terceros mediante enlaces con la finalidad exclusiva de informarle sobre la existencia de otras fuentes de informaci\u00f3n en Internet donde podr\u00e1 ampliar los datos del Sitio Web.<\/p><p>Estos enlaces a otros sitios web no constituyen en ning\u00fan caso una sugerencia o recomendaci\u00f3n de visitar los sitios web de destino, que est\u00e1n fuera del control del Propietario, y el Propietario no es responsable del contenido de los sitios web enlazados ni del resultado obtenido al seguir los enlaces. Asimismo, el Propietario no es responsable de los enlaces ubicados en los sitios enlazados a los que da acceso. <\/p><p>El establecimiento del enlace no implica en ning\u00fan caso la existencia de relaciones entre el Titular y el propietario del sitio en el que se establezca el enlace, ni la aceptaci\u00f3n o aprobaci\u00f3n por parte del Titular de sus contenidos o servicios.<\/p><p>Si accedes a un sitio web externo desde un enlace que se encuentra en el sitio web, debes leer la pol\u00edtica de privacidad del otro sitio web, que puede diferir de la de este sitio web.<\/p><h2 style=\"font-family: Poppins, sans-serif; color: #324a6d;\">Propiedad intelectual e industrial<\/h2><p>Todos los derechos reservados.<\/p><p>El acceso a este sitio web est\u00e1 sujeto a las siguientes condiciones: la reproducci\u00f3n, el almacenamiento permanente y la difusi\u00f3n de los contenidos o cualquier otro uso con fines p\u00fablicos o comerciales quedan expresamente prohibidos sin el consentimiento previo, expreso y por escrito del Propietario.<\/p><h2 style=\"font-family: Poppins, sans-serif; color: #324a6d;\">Limitaci\u00f3n de responsabilidad<\/h2><p>La informaci\u00f3n y servicios incluidos o disponibles a trav\u00e9s del sitio web pueden incluir incorrecciones o errores tipogr\u00e1ficos. El Propietario incorpora peri\u00f3dicamente mejoras y\/o cambios en la informaci\u00f3n contenida y\/o en los Servicios que pueden introducirse en cualquier momento. <\/p><p>El Propietario no declara ni garantiza que los servicios o contenidos sean ininterrumpidos o est\u00e9n libres de errores, que los defectos sean corregidos, o que el servicio o el servidor que lo pone a disposici\u00f3n est\u00e9n libres de virus u otros componentes nocivos, sin perjuicio de que el Propietario realiza sus mejores esfuerzos para evitar este tipo de incidentes.<\/p><p>El Propietario declina toda responsabilidad en caso de interrupci\u00f3n o mal funcionamiento de los Servicios o de los contenidos ofrecidos en Internet, cualquiera que sea la causa. Asimismo, el Propietario no ser\u00e1 responsable de las interrupciones de la red, p\u00e9rdidas de negocio como consecuencia de dichas interrupciones, cortes temporales de suministro el\u00e9ctrico o cualquier otro tipo de da\u00f1o indirecto que pueda ser ocasionado por causas ajenas al Propietario. <\/p><p>Antes de tomar decisiones y\/o emprender acciones basadas en la informaci\u00f3n contenida en el sitio web, el Propietario recomienda al usuario que compruebe y compare la informaci\u00f3n recibida con otras fuentes.<\/p><h2 style=\"font-family: Poppins, sans-serif; color: #324a6d;\">Jurisdicci\u00f3n<\/h2><p>Este Aviso Legal se rige \u00edntegramente por la legislaci\u00f3n portuguesa.<\/p><p>Siempre que no exista norma en contrario, para cuantas cuestiones se susciten sobre la interpretaci\u00f3n, aplicaci\u00f3n y cumplimiento de este Aviso Legal, as\u00ed como de las reclamaciones que puedan derivarse de su uso, las partes acuerdan someterse a los Juzgados y Tribunales de Braga, Portugal, con renuncia expresa a cualquier otro fuero que pudiera corresponderles.<\/p><h2>Contacto<\/h2><p><span style=\"color: var( --e-global-color-text ); font-family: var( --e-global-typography-text-font-family ), Sans-serif; font-size: var( --e-global-typography-text-font-size ); font-style: var( --e-global-typography-text-font-style ); font-weight: var( --e-global-typography-text-font-weight ); letter-spacing: var( --e-global-typography-text-letter-spacing ); text-transform: var( --e-global-typography-text-text-transform ); word-spacing: var( --e-global-typography-text-word-spacing ); background-color: var( --e-global-color-c696dce );\">Si tienes alguna pregunta sobre este Aviso Legal o quieres hacer alg\u00fan comentario sobre el sitio web, puedes enviar un correo electr\u00f3nico a la siguiente direcci\u00f3n<\/span>: info@renefuel.com<\/p><\/div>\t\t\t\t\t\t\t\t<\/div>\n\t\t\t\t<\/div>\n\t\t\t\t<\/div>\n\t\t\t\t<\/div>\n\t\t","protected":false},"excerpt":{"rendered":"<p>Identificaci\u00f3n y propiedad De acuerdo con las normas sobre Servicios de la Sociedad de la Informaci\u00f3n y Comercio Electr\u00f3nico, el Titular de los Datos presenta sus datos de identificaci\u00f3n: Propietario: Renefuel &#8211; Cambio de Combustible, Lda. NIF 518721043 Direcci\u00f3n: Pra\u00e7a Conde de Agrolongo 123, 4700-312 Braga Correo electr\u00f3nico: info@renefuel.com P\u00e1gina web: https:\/\/renefuel.com Objetivo La finalidad [&hellip;]<\/p>\n","protected":false},"author":1,"featured_media":0,"parent":0,"menu_order":0,"comment_status":"closed","ping_status":"closed","template":"","meta":{"footnotes":""},"class_list":["post-1191","page","type-page","status-publish","hentry"],"_links":{"self":[{"href":"https:\/\/renefuel.com\/es\/wp-json\/wp\/v2\/pages\/1191","targetHints":{"allow":["GET"]}}],"collection":[{"href":"https:\/\/renefuel.com\/es\/wp-json\/wp\/v2\/pages"}],"about":[{"href":"https:\/\/renefuel.com\/es\/wp-json\/wp\/v2\/types\/page"}],"author":[{"embeddable":true,"href":"https:\/\/renefuel.com\/es\/wp-json\/wp\/v2\/users\/1"}],"replies":[{"embeddable":true,"href":"https:\/\/renefuel.com\/es\/wp-json\/wp\/v2\/comments?post=1191"}],"version-history":[{"count":7,"href":"https:\/\/renefuel.com\/es\/wp-json\/wp\/v2\/pages\/1191\/revisions"}],"predecessor-version":[{"id":1453,"href":"https:\/\/renefuel.com\/es\/wp-json\/wp\/v2\/pages\/1191\/revisions\/1453"}],"wp:attachment":[{"href":"https:\/\/renefuel.com\/es\/wp-json\/wp\/v2\/media?parent=1191"}],"curies":[{"name":"wp","href":"https:\/\/api.w.org\/{rel}","templated":true}]}}