{"id":180,"date":"2025-03-26T23:11:10","date_gmt":"2025-03-26T23:11:10","guid":{"rendered":"https:\/\/renefuel.com\/inicio\/"},"modified":"2025-05-08T12:15:57","modified_gmt":"2025-05-08T12:15:57","slug":"inicio-es","status":"publish","type":"page","link":"https:\/\/renefuel.com\/es\/","title":{"rendered":"Inicio"},"content":{"rendered":"\t\t<div data-elementor-type=\"wp-page\" data-elementor-id=\"180\" class=\"elementor elementor-180 elementor-142\" data-elementor-post-type=\"page\">\n\t\t\t\t<div class=\"elementor-element elementor-element-49e361e e-con-full e-flex e-con e-parent\" data-id=\"49e361e\" data-element_type=\"container\" data-e-type=\"container\">\n\t\t<div class=\"elementor-element elementor-element-db11023 e-con-full e-flex e-con e-child\" data-id=\"db11023\" data-element_type=\"container\" data-e-type=\"container\">\n\t\t\t\t<div class=\"elementor-element elementor-element-1f741b7 elementor-widget elementor-widget-image\" data-id=\"1f741b7\" data-element_type=\"widget\" data-e-type=\"widget\" data-widget_type=\"image.default\">\n\t\t\t\t<div class=\"elementor-widget-container\">\n\t\t\t\t\t\t\t\t\t\t\t\t\t\t\t<img fetchpriority=\"high\" decoding=\"async\" width=\"800\" height=\"384\" src=\"https:\/\/renefuel.com\/wp-content\/uploads\/2025\/03\/Imagen2-1024x491.png\" class=\"attachment-large size-large wp-image-77\" alt=\"\" srcset=\"https:\/\/renefuel.com\/wp-content\/uploads\/2025\/03\/Imagen2-1024x491.png 1024w, https:\/\/renefuel.com\/wp-content\/uploads\/2025\/03\/Imagen2-300x144.png 300w, https:\/\/renefuel.com\/wp-content\/uploads\/2025\/03\/Imagen2-768x368.png 768w, https:\/\/renefuel.com\/wp-content\/uploads\/2025\/03\/Imagen2-1536x737.png 1536w, https:\/\/renefuel.com\/wp-content\/uploads\/2025\/03\/Imagen2-2048x982.png 2048w\" sizes=\"(max-width: 800px) 100vw, 800px\" \/>\t\t\t\t\t\t\t\t\t\t\t\t\t\t\t<\/div>\n\t\t\t\t<\/div>\n\t\t\t\t<\/div>\n\t\t<div class=\"elementor-element elementor-element-436677a e-con-full e-flex e-con e-child\" data-id=\"436677a\" data-element_type=\"container\" data-e-type=\"container\">\n\t\t\t\t<div class=\"elementor-element elementor-element-c0c0872 elementor-widget elementor-widget-image\" data-id=\"c0c0872\" data-element_type=\"widget\" data-e-type=\"widget\" data-widget_type=\"image.default\">\n\t\t\t\t<div class=\"elementor-widget-container\">\n\t\t\t\t\t\t\t\t\t\t\t\t\t\t\t<img decoding=\"async\" width=\"800\" height=\"917\" src=\"https:\/\/renefuel.com\/wp-content\/uploads\/2025\/03\/Imagen1-1-893x1024.png\" class=\"attachment-large size-large wp-image-21\" alt=\"\" srcset=\"https:\/\/renefuel.com\/wp-content\/uploads\/2025\/03\/Imagen1-1-893x1024.png 893w, https:\/\/renefuel.com\/wp-content\/uploads\/2025\/03\/Imagen1-1-262x300.png 262w, https:\/\/renefuel.com\/wp-content\/uploads\/2025\/03\/Imagen1-1-768x881.png 768w, https:\/\/renefuel.com\/wp-content\/uploads\/2025\/03\/Imagen1-1-1339x1536.png 1339w, https:\/\/renefuel.com\/wp-content\/uploads\/2025\/03\/Imagen1-1-1786x2048.png 1786w\" sizes=\"(max-width: 800px) 100vw, 800px\" \/>\t\t\t\t\t\t\t\t\t\t\t\t\t\t\t<\/div>\n\t\t\t\t<\/div>\n\t\t\t\t<\/div>\n\t\t\t\t<\/div>\n\t\t<div class=\"elementor-element elementor-element-e74ea2a e-con-full e-flex e-con e-parent\" data-id=\"e74ea2a\" data-element_type=\"container\" data-e-type=\"container\">\n\t\t\t\t<div class=\"elementor-element elementor-element-c6216b2 elementor-widget-tablet__width-initial elementor-widget__width-initial elementor-widget elementor-widget-image\" data-id=\"c6216b2\" data-element_type=\"widget\" data-e-type=\"widget\" data-widget_type=\"image.default\">\n\t\t\t\t<div class=\"elementor-widget-container\">\n\t\t\t\t\t\t\t\t\t\t\t\t\t\t\t<img decoding=\"async\" width=\"793\" height=\"1024\" src=\"https:\/\/renefuel.com\/wp-content\/uploads\/2025\/03\/Imagen2-1-793x1024.png\" class=\"attachment-large size-large wp-image-594\" alt=\"\" srcset=\"https:\/\/renefuel.com\/wp-content\/uploads\/2025\/03\/Imagen2-1-793x1024.png 793w, https:\/\/renefuel.com\/wp-content\/uploads\/2025\/03\/Imagen2-1-232x300.png 232w, https:\/\/renefuel.com\/wp-content\/uploads\/2025\/03\/Imagen2-1-768x992.png 768w, https:\/\/renefuel.com\/wp-content\/uploads\/2025\/03\/Imagen2-1-1189x1536.png 1189w, https:\/\/renefuel.com\/wp-content\/uploads\/2025\/03\/Imagen2-1-1585x2048.png 1585w\" sizes=\"(max-width: 793px) 100vw, 793px\" \/>\t\t\t\t\t\t\t\t\t\t\t\t\t\t\t<\/div>\n\t\t\t\t<\/div>\n\t\t<div class=\"elementor-element elementor-element-3693c61 e-con-full e-flex e-con e-child\" data-id=\"3693c61\" data-element_type=\"container\" data-e-type=\"container\">\n\t\t\t\t<div class=\"elementor-element elementor-element-c26c3fb elementor-widget elementor-widget-heading\" data-id=\"c26c3fb\" data-element_type=\"widget\" data-e-type=\"widget\" data-widget_type=\"heading.default\">\n\t\t\t\t<div class=\"elementor-widget-container\">\n\t\t\t\t\t<h2 class=\"elementor-heading-title elementor-size-default\">Desaf\u00edo<\/h2>\t\t\t\t<\/div>\n\t\t\t\t<\/div>\n\t\t\t\t<div class=\"elementor-element elementor-element-ceb9934 elementor-widget elementor-widget-heading\" data-id=\"ceb9934\" data-element_type=\"widget\" data-e-type=\"widget\" data-widget_type=\"heading.default\">\n\t\t\t\t<div class=\"elementor-widget-container\">\n\t\t\t\t\t<h2 class=\"elementor-heading-title elementor-size-default\">Neutralidad de Carbono 2050<\/h2>\t\t\t\t<\/div>\n\t\t\t\t<\/div>\n\t\t\t\t<div class=\"elementor-element elementor-element-7178684 elementor-widget elementor-widget-text-editor\" data-id=\"7178684\" data-element_type=\"widget\" data-e-type=\"widget\" data-widget_type=\"text-editor.default\">\n\t\t\t\t<div class=\"elementor-widget-container\">\n\t\t\t\t\t\t\t\t\t<p>La Estrategia 2050 de la Uni\u00f3n Europea para una Econom\u00eda Neutral en Carbono exige:<\/p><ul><li>Mayor <b>eficiencia energ\u00e9tica<\/b><\/li><li>Aumento de la <b>electrificaci\u00f3n<\/b>:<ul><li>La adopci\u00f3n a gran escala de energ\u00edas renovables requiere un almacenamiento de energ\u00eda a gran escala<\/li><\/ul><\/li><li><b>Disminuci\u00f3n <\/b>del uso de combustibles <b>f\u00f3siles<\/b>:<ul><li>Los combustibles f\u00f3siles son densos energ\u00e9ticamente y proporcionan una alta densidad de potencia<\/li><\/ul><\/li><\/ul>\t\t\t\t\t\t\t\t<\/div>\n\t\t\t\t<\/div>\n\t\t\t\t<div class=\"elementor-element elementor-element-233fbb7 elementor-widget elementor-widget-text-editor\" data-id=\"233fbb7\" data-element_type=\"widget\" data-e-type=\"widget\" data-widget_type=\"text-editor.default\">\n\t\t\t\t<div class=\"elementor-widget-container\">\n\t\t\t\t\t\t\t\t\t<p><strong>Gran necesidad de un transportador energ\u00e9tico <\/strong><strong>(electricidad \u2194 almacenamiento) para llenar el vac\u00edo de energ\u00eda y potencia dejado por los combustibles f\u00f3siles<\/strong><\/p>\t\t\t\t\t\t\t\t<\/div>\n\t\t\t\t<\/div>\n\t\t\t\t<\/div>\n\t\t\t\t<\/div>\n\t\t<div class=\"elementor-element elementor-element-2178846 e-flex e-con-boxed e-con e-parent\" data-id=\"2178846\" data-element_type=\"container\" data-e-type=\"container\">\n\t\t\t\t\t<div class=\"e-con-inner\">\n\t\t<div class=\"elementor-element elementor-element-65d36e7 e-con-full e-flex e-con e-child\" data-id=\"65d36e7\" data-element_type=\"container\" data-e-type=\"container\">\n\t\t\t\t<div class=\"elementor-element elementor-element-e4af51f elementor-widget elementor-widget-heading\" data-id=\"e4af51f\" data-element_type=\"widget\" data-e-type=\"widget\" data-widget_type=\"heading.default\">\n\t\t\t\t<div class=\"elementor-widget-container\">\n\t\t\t\t\t<h2 class=\"elementor-heading-title elementor-size-default\">Transportador alternativo de energ\u00eda \n<\/h2>\t\t\t\t<\/div>\n\t\t\t\t<\/div>\n\t\t\t\t<div class=\"elementor-element elementor-element-6e85a1d elementor-widget elementor-widget-heading\" data-id=\"6e85a1d\" data-element_type=\"widget\" data-e-type=\"widget\" data-widget_type=\"heading.default\">\n\t\t\t\t<div class=\"elementor-widget-container\">\n\t\t\t\t\t<h2 class=\"elementor-heading-title elementor-size-default\">Requisitos\n<\/h2>\t\t\t\t<\/div>\n\t\t\t\t<\/div>\n\t\t\t\t<div class=\"elementor-element elementor-element-57d0da7 elementor-widget elementor-widget-text-editor\" data-id=\"57d0da7\" data-element_type=\"widget\" data-e-type=\"widget\" data-widget_type=\"text-editor.default\">\n\t\t\t\t<div class=\"elementor-widget-container\">\n\t\t\t\t\t\t\t\t\t<ul><li><b>Interconvertible<\/b> en electricidad con buena eficiencia energ\u00e9tica de ida y vuelta<\/li><\/ul><ul><li><b>Alta <\/b>densidad <b>energ\u00e9tica <\/b><\/li><\/ul><ul><li><b>Alta <\/b>densidad de <b>potencia <\/b><\/li><\/ul><ul><li><b>Sin carbono<\/b> <\/li><\/ul><ul><li><b>Rentable<\/b><\/li><\/ul><ul><li><b>Sin <\/b>emisiones de <b>efecto invernadero <\/b>(GEI)<\/li><\/ul>\t\t\t\t\t\t\t\t<\/div>\n\t\t\t\t<\/div>\n\t\t\t\t<\/div>\n\t\t\t\t<div class=\"elementor-element elementor-element-7981899 elementor-widget elementor-widget-image\" data-id=\"7981899\" data-element_type=\"widget\" data-e-type=\"widget\" data-widget_type=\"image.default\">\n\t\t\t\t<div class=\"elementor-widget-container\">\n\t\t\t\t\t\t\t\t\t\t\t\t\t\t\t<img loading=\"lazy\" decoding=\"async\" width=\"784\" height=\"1024\" src=\"https:\/\/renefuel.com\/wp-content\/uploads\/2025\/03\/Imagen3-784x1024.png\" class=\"attachment-large size-large wp-image-635\" alt=\"\" srcset=\"https:\/\/renefuel.com\/wp-content\/uploads\/2025\/03\/Imagen3-784x1024.png 784w, https:\/\/renefuel.com\/wp-content\/uploads\/2025\/03\/Imagen3-230x300.png 230w, https:\/\/renefuel.com\/wp-content\/uploads\/2025\/03\/Imagen3-768x1003.png 768w, https:\/\/renefuel.com\/wp-content\/uploads\/2025\/03\/Imagen3-1176x1536.png 1176w, https:\/\/renefuel.com\/wp-content\/uploads\/2025\/03\/Imagen3-1568x2048.png 1568w\" sizes=\"(max-width: 784px) 100vw, 784px\" \/>\t\t\t\t\t\t\t\t\t\t\t\t\t\t\t<\/div>\n\t\t\t\t<\/div>\n\t\t\t\t\t<\/div>\n\t\t\t\t<\/div>\n\t\t<div class=\"elementor-element elementor-element-09b3655 e-con-full e-flex e-con e-parent\" data-id=\"09b3655\" data-element_type=\"container\" data-e-type=\"container\">\n\t\t<div class=\"elementor-element elementor-element-9f204ce e-con-full e-flex e-con e-child\" data-id=\"9f204ce\" data-element_type=\"container\" data-e-type=\"container\">\n\t\t\t\t<div class=\"elementor-element elementor-element-00642ef elementor-widget elementor-widget-heading\" data-id=\"00642ef\" data-element_type=\"widget\" data-e-type=\"widget\" data-widget_type=\"heading.default\">\n\t\t\t\t<div class=\"elementor-widget-container\">\n\t\t\t\t\t<h2 class=\"elementor-heading-title elementor-size-default\">Oportunidad\n\n<\/h2>\t\t\t\t<\/div>\n\t\t\t\t<\/div>\n\t\t\t\t<\/div>\n\t\t\t\t<div class=\"elementor-element elementor-element-651ebb8 elementor-widget elementor-widget-heading\" data-id=\"651ebb8\" data-element_type=\"widget\" data-e-type=\"widget\" data-widget_type=\"heading.default\">\n\t\t\t\t<div class=\"elementor-widget-container\">\n\t\t\t\t\t<h2 class=\"elementor-heading-title elementor-size-default\">Transportador alternativo de energ\u00eda\n<\/h2>\t\t\t\t<\/div>\n\t\t\t\t<\/div>\n\t\t\t\t<\/div>\n\t\t<div class=\"elementor-element elementor-element-8234e2f e-flex e-con-boxed e-con e-parent\" data-id=\"8234e2f\" data-element_type=\"container\" data-e-type=\"container\">\n\t\t\t\t\t<div class=\"e-con-inner\">\n\t\t<div class=\"elementor-element elementor-element-a6fba17 e-con-full e-flex e-con e-child\" data-id=\"a6fba17\" data-element_type=\"container\" data-e-type=\"container\">\n\t\t\t\t<div class=\"elementor-element elementor-element-24ae423 elementor-widget elementor-widget-image\" data-id=\"24ae423\" data-element_type=\"widget\" data-e-type=\"widget\" data-widget_type=\"image.default\">\n\t\t\t\t<div class=\"elementor-widget-container\">\n\t\t\t\t\t\t\t\t\t\t\t\t\t\t\t<img loading=\"lazy\" decoding=\"async\" width=\"578\" height=\"386\" src=\"https:\/\/renefuel.com\/wp-content\/uploads\/2025\/03\/Imagen4.webp\" class=\"attachment-large size-large wp-image-656\" alt=\"\" \/>\t\t\t\t\t\t\t\t\t\t\t\t\t\t\t<\/div>\n\t\t\t\t<\/div>\n\t\t<div class=\"elementor-element elementor-element-7def44b e-con-full e-flex e-con e-child\" data-id=\"7def44b\" data-element_type=\"container\" data-e-type=\"container\">\n\t\t\t\t<div class=\"elementor-element elementor-element-131ee52 elementor-widget elementor-widget-text-editor\" data-id=\"131ee52\" data-element_type=\"widget\" data-e-type=\"widget\" data-widget_type=\"text-editor.default\">\n\t\t\t\t<div class=\"elementor-widget-container\">\n\t\t\t\t\t\t\t\t\t<p>\u00bfCu\u00e1nta energ\u00eda contiene?<\/p><p>\u00bfCu\u00e1nto pesa? <b>(Densidad gravim\u00e9trica de energ\u00eda<\/b>)<\/p><p>\u00bfCu\u00e1nto espacio ocupa? <b>(Densidad volum\u00e9trica de energ\u00eda<\/b>)<\/p>\t\t\t\t\t\t\t\t<\/div>\n\t\t\t\t<\/div>\n\t\t\t\t<\/div>\n\t\t\t\t<\/div>\n\t\t<div class=\"elementor-element elementor-element-b37dc12 e-con-full e-flex e-con e-child\" data-id=\"b37dc12\" data-element_type=\"container\" data-e-type=\"container\">\n\t\t\t\t<div class=\"elementor-element elementor-element-caf5458 elementor-widget elementor-widget-image\" data-id=\"caf5458\" data-element_type=\"widget\" data-e-type=\"widget\" data-widget_type=\"image.default\">\n\t\t\t\t<div class=\"elementor-widget-container\">\n\t\t\t\t\t\t\t\t\t\t\t\t\t\t\t<img loading=\"lazy\" decoding=\"async\" width=\"800\" height=\"502\" src=\"https:\/\/renefuel.com\/wp-content\/uploads\/2025\/03\/Imagen5-1024x643.png\" class=\"attachment-large size-large wp-image-659\" alt=\"\" srcset=\"https:\/\/renefuel.com\/wp-content\/uploads\/2025\/03\/Imagen5-1024x643.png 1024w, https:\/\/renefuel.com\/wp-content\/uploads\/2025\/03\/Imagen5-300x188.png 300w, https:\/\/renefuel.com\/wp-content\/uploads\/2025\/03\/Imagen5-768x482.png 768w, https:\/\/renefuel.com\/wp-content\/uploads\/2025\/03\/Imagen5.png 1045w\" sizes=\"(max-width: 800px) 100vw, 800px\" \/>\t\t\t\t\t\t\t\t\t\t\t\t\t\t\t<\/div>\n\t\t\t\t<\/div>\n\t\t\t\t<div class=\"elementor-element elementor-element-7841446 elementor-widget elementor-widget-text-editor\" data-id=\"7841446\" data-element_type=\"widget\" data-e-type=\"widget\" data-widget_type=\"text-editor.default\">\n\t\t\t\t<div class=\"elementor-widget-container\">\n\t\t\t\t\t\t\t\t\t<p>La reacci\u00f3n de conversi\u00f3n es donde se extrae el trabajo del combustible. \u00bfEs un proceso r\u00e1pido o lento?<b>(Densidad de potencia<\/b>)<\/p>\t\t\t\t\t\t\t\t<\/div>\n\t\t\t\t<\/div>\n\t\t\t\t<\/div>\n\t\t<div class=\"elementor-element elementor-element-932f210 e-con-full e-flex e-con e-child\" data-id=\"932f210\" data-element_type=\"container\" data-e-type=\"container\">\n\t\t\t\t<div class=\"elementor-element elementor-element-ad29048 elementor-widget elementor-widget-image\" data-id=\"ad29048\" data-element_type=\"widget\" data-e-type=\"widget\" data-widget_type=\"image.default\">\n\t\t\t\t<div class=\"elementor-widget-container\">\n\t\t\t\t\t\t\t\t\t\t\t\t\t\t\t<img loading=\"lazy\" decoding=\"async\" width=\"800\" height=\"480\" src=\"https:\/\/renefuel.com\/wp-content\/uploads\/2025\/03\/Imagen6.webp\" class=\"attachment-large size-large wp-image-662\" alt=\"\" \/>\t\t\t\t\t\t\t\t\t\t\t\t\t\t\t<\/div>\n\t\t\t\t<\/div>\n\t\t\t\t<div class=\"elementor-element elementor-element-1301268 elementor-widget elementor-widget-text-editor\" data-id=\"1301268\" data-element_type=\"widget\" data-e-type=\"widget\" data-widget_type=\"text-editor.default\">\n\t\t\t\t<div class=\"elementor-widget-container\">\n\t\t\t\t\t\t\t\t\t<p>\u00bfEn qu\u00e9 se convierte?<\/p><p>\u00bfCu\u00e1nto espacio ocupa? \u00bfCu\u00e1nto pesa? <b>(Densidad del producto de reacci\u00f3n<\/b>)<\/p><p>\u00bfSe puede volver a convertir f\u00e1cilmente en el material original? <b>(Facilidad de regeneraci\u00f3n<\/b>)<\/p><p>\u00bfEs f\u00e1cil adoptar este transportador energ\u00e9tico? <b>(Coste de implantaci\u00f3n<\/b>)<\/p>\t\t\t\t\t\t\t\t<\/div>\n\t\t\t\t<\/div>\n\t\t\t\t<\/div>\n\t\t\t\t\t<\/div>\n\t\t\t\t<\/div>\n\t\t<div class=\"elementor-element elementor-element-31484b3 e-flex e-con-boxed e-con e-parent\" data-id=\"31484b3\" data-element_type=\"container\" data-e-type=\"container\">\n\t\t\t\t\t<div class=\"e-con-inner\">\n\t\t<div class=\"elementor-element elementor-element-f09a32a e-con-full e-flex e-con e-child\" data-id=\"f09a32a\" data-element_type=\"container\" data-e-type=\"container\">\n\t\t\t\t<div class=\"elementor-element elementor-element-381bd53 elementor-widget elementor-widget-image\" data-id=\"381bd53\" data-element_type=\"widget\" data-e-type=\"widget\" data-widget_type=\"image.default\">\n\t\t\t\t<div class=\"elementor-widget-container\">\n\t\t\t\t\t\t\t\t\t\t\t\t\t\t\t<img loading=\"lazy\" decoding=\"async\" width=\"784\" height=\"1024\" src=\"https:\/\/renefuel.com\/wp-content\/uploads\/2025\/03\/Imagen3-784x1024.png\" class=\"attachment-large size-large wp-image-635\" alt=\"\" srcset=\"https:\/\/renefuel.com\/wp-content\/uploads\/2025\/03\/Imagen3-784x1024.png 784w, https:\/\/renefuel.com\/wp-content\/uploads\/2025\/03\/Imagen3-230x300.png 230w, https:\/\/renefuel.com\/wp-content\/uploads\/2025\/03\/Imagen3-768x1003.png 768w, https:\/\/renefuel.com\/wp-content\/uploads\/2025\/03\/Imagen3-1176x1536.png 1176w, https:\/\/renefuel.com\/wp-content\/uploads\/2025\/03\/Imagen3-1568x2048.png 1568w\" sizes=\"(max-width: 784px) 100vw, 784px\" \/>\t\t\t\t\t\t\t\t\t\t\t\t\t\t\t<\/div>\n\t\t\t\t<\/div>\n\t\t\t\t<\/div>\n\t\t<div class=\"elementor-element elementor-element-2af61bd e-con-full e-flex e-con e-child\" data-id=\"2af61bd\" data-element_type=\"container\" data-e-type=\"container\">\n\t\t<div class=\"elementor-element elementor-element-3ca783c e-con-full e-flex e-con e-child\" data-id=\"3ca783c\" data-element_type=\"container\" data-e-type=\"container\">\n\t\t\t\t<div class=\"elementor-element elementor-element-c30b17c elementor-widget elementor-widget-heading\" data-id=\"c30b17c\" data-element_type=\"widget\" data-e-type=\"widget\" data-widget_type=\"heading.default\">\n\t\t\t\t<div class=\"elementor-widget-container\">\n\t\t\t\t\t<h2 class=\"elementor-heading-title elementor-size-default\">Soluci\u00f3n\n\n\n<\/h2>\t\t\t\t<\/div>\n\t\t\t\t<\/div>\n\t\t\t\t<div class=\"elementor-element elementor-element-e07032c elementor-widget elementor-widget-heading\" data-id=\"e07032c\" data-element_type=\"widget\" data-e-type=\"widget\" data-widget_type=\"heading.default\">\n\t\t\t\t<div class=\"elementor-widget-container\">\n\t\t\t\t\t<h2 class=\"elementor-heading-title elementor-size-default\">Pila de combustible de metal alcalino\n\n\n<\/h2>\t\t\t\t<\/div>\n\t\t\t\t<\/div>\n\t\t\t\t<\/div>\n\t\t<div class=\"elementor-element elementor-element-b831695 e-con-full e-flex e-con e-child\" data-id=\"b831695\" data-element_type=\"container\" data-e-type=\"container\">\n\t\t\t\t<div class=\"elementor-element elementor-element-5570ff7 elementor-widget elementor-widget-text-editor\" data-id=\"5570ff7\" data-element_type=\"widget\" data-e-type=\"widget\" data-widget_type=\"text-editor.default\">\n\t\t\t\t<div class=\"elementor-widget-container\">\n\t\t\t\t\t\t\t\t\t<p>Almacenar el metal alcalino como s\u00f3lido<\/p><ul><li><b>Seguridad<\/b> similar a la de las bater\u00edas avanzadas de i\u00f3n-litio<\/li><li><b>M\u00e1xima densidad volum\u00e9trica de energ\u00eda<\/b><\/li><li>Utiliza metal alcalino l\u00edquido seg\u00fan sea necesario <b>(seguridad<\/b>)<\/li><\/ul><p>Almacena los productos de reacci\u00f3n de la forma m\u00e1s compacta<\/p><ul><li><b>M\u00e1xima densidad volum\u00e9trica de energ\u00eda<\/b><\/li><li>Optimizar una soluci\u00f3n para extraer <b>alta densidad de potencia<\/b> del metal alcalino<\/li><\/ul>\t\t\t\t\t\t\t\t<\/div>\n\t\t\t\t<\/div>\n\t\t\t\t<\/div>\n\t\t\t\t<\/div>\n\t\t\t\t\t<\/div>\n\t\t\t\t<\/div>\n\t\t\t\t<\/div>\n\t\t","protected":false},"excerpt":{"rendered":"<p>Desaf\u00edo Neutralidad de Carbono 2050 La Estrategia 2050 de la Uni\u00f3n Europea para una Econom\u00eda Neutral en Carbono exige: Mayor eficiencia energ\u00e9tica Aumento de la electrificaci\u00f3n: La adopci\u00f3n a gran escala de energ\u00edas renovables requiere un almacenamiento de energ\u00eda a gran escala Disminuci\u00f3n del uso de combustibles f\u00f3siles: Los combustibles f\u00f3siles son densos energ\u00e9ticamente y [&hellip;]<\/p>\n","protected":false},"author":1,"featured_media":0,"parent":0,"menu_order":0,"comment_status":"closed","ping_status":"closed","template":"elementor_header_footer","meta":{"footnotes":""},"class_list":["post-180","page","type-page","status-publish","hentry"],"_links":{"self":[{"href":"https:\/\/renefuel.com\/es\/wp-json\/wp\/v2\/pages\/180","targetHints":{"allow":["GET"]}}],"collection":[{"href":"https:\/\/renefuel.com\/es\/wp-json\/wp\/v2\/pages"}],"about":[{"href":"https:\/\/renefuel.com\/es\/wp-json\/wp\/v2\/types\/page"}],"author":[{"embeddable":true,"href":"https:\/\/renefuel.com\/es\/wp-json\/wp\/v2\/users\/1"}],"replies":[{"embeddable":true,"href":"https:\/\/renefuel.com\/es\/wp-json\/wp\/v2\/comments?post=180"}],"version-history":[{"count":25,"href":"https:\/\/renefuel.com\/es\/wp-json\/wp\/v2\/pages\/180\/revisions"}],"predecessor-version":[{"id":1505,"href":"https:\/\/renefuel.com\/es\/wp-json\/wp\/v2\/pages\/180\/revisions\/1505"}],"wp:attachment":[{"href":"https:\/\/renefuel.com\/es\/wp-json\/wp\/v2\/media?parent=180"}],"curies":[{"name":"wp","href":"https:\/\/api.w.org\/{rel}","templated":true}]}}