{"id":1144,"date":"2025-03-30T11:49:23","date_gmt":"2025-03-30T11:49:23","guid":{"rendered":"https:\/\/renefuel.com\/politica-de-cookies\/"},"modified":"2025-04-04T13:29:07","modified_gmt":"2025-04-04T13:29:07","slug":"politica-de-cookies","status":"publish","type":"page","link":"https:\/\/renefuel.com\/pt-pt\/politica-de-cookies\/","title":{"rendered":"Pol\u00edtica de cookies"},"content":{"rendered":"\t\t<div data-elementor-type=\"wp-page\" data-elementor-id=\"1144\" class=\"elementor elementor-1144 elementor-1069\" data-elementor-post-type=\"page\">\n\t\t\t\t<div class=\"elementor-element elementor-element-c4734e2 e-con-full e-flex e-con e-parent\" data-id=\"c4734e2\" data-element_type=\"container\" data-e-type=\"container\">\n\t\t\t\t<\/div>\n\t\t<div class=\"elementor-element elementor-element-f5a1685 e-con-full e-flex e-con e-parent\" data-id=\"f5a1685\" data-element_type=\"container\" data-e-type=\"container\">\n\t\t\t\t<div class=\"elementor-element elementor-element-1df9c230 elementor-widget elementor-widget-text-editor\" data-id=\"1df9c230\" data-element_type=\"widget\" data-e-type=\"widget\" data-widget_type=\"text-editor.default\">\n\t\t\t\t<div class=\"elementor-widget-container\">\n\t\t\t\t\t\t\t\t\t<header class=\"page-header\"><h2>O que s\u00e3o cookies?<\/h2><p><span style=\"font-size: 16px; color: var( --e-global-color-text ); font-family: var( --e-global-typography-text-font-family ), Sans-serif; font-style: var( --e-global-typography-text-font-style ); font-weight: var( --e-global-typography-text-font-weight ); letter-spacing: var( --e-global-typography-text-letter-spacing ); text-transform: var( --e-global-typography-text-text-transform ); word-spacing: var( --e-global-typography-text-word-spacing ); background-color: var( --e-global-color-c696dce );\">Em ingl\u00eas, o termo &#8220;cookie&#8221; significa biscoito, mas no dom\u00ednio da navega\u00e7\u00e3o na Web, uma &#8220;cookie&#8221; \u00e9 algo completamente diferente. Quando acede ao nosso site, uma pequena quantidade de texto chamada &#8220;cookie&#8221; \u00e9 armazenada no browser do seu dispositivo. Este texto cont\u00e9m muitas informa\u00e7\u00f5es sobre os seus h\u00e1bitos de navega\u00e7\u00e3o, prefer\u00eancias, personaliza\u00e7\u00e3o de conte\u00fados, etc&#8230;  <\/span><\/p><\/header><div class=\"page-content\"><p>Existem outras tecnologias que funcionam de forma semelhante e que tamb\u00e9m s\u00e3o utilizadas para recolher dados sobre a tua atividade de navega\u00e7\u00e3o. Referir-nos-emos a todas estas tecnologias como &#8220;cookies&#8221;. <\/p><p>As utiliza\u00e7\u00f5es espec\u00edficas destas tecnologias s\u00e3o descritas no presente documento.<\/p><h2>Para que s\u00e3o utilizados as cookies neste s\u00edtio Web?<\/h2><p>As cookies s\u00e3o uma parte essencial do funcionamento do s\u00edtio Web. O principal objetivo das nossas cookies \u00e9 melhorar a sua experi\u00eancia de navega\u00e7\u00e3o. Por exemplo, para recordar as prefer\u00eancias do utilizador (l\u00edngua, pa\u00eds, etc.) durante a navega\u00e7\u00e3o e em futuras visitas. As informa\u00e7\u00f5es recolhidas nas cookies permitem-nos tamb\u00e9m melhorar o s\u00edtio Web, adapt\u00e1-lo aos seus interesses enquanto utilizador, acelerar as pesquisas que efetua, etc&#8230;   <\/p><p>Em certos casos, se tivermos obtido o seu consentimento pr\u00e9vio e informado, podemos utilizar as cookies para outros fins, como para obter informa\u00e7\u00f5es que nos permitam fornecer-lhe publicidade com base na an\u00e1lise dos seus h\u00e1bitos de navega\u00e7\u00e3o.<\/p><h2>Para que \u00e9 que as cookies N\u00c3O s\u00e3o utilizados neste s\u00edtio Web?<\/h2><p>As cookies que utilizamos n\u00e3o armazenam qualquer informa\u00e7\u00e3o sens\u00edvel de identifica\u00e7\u00e3o pessoal, como o seu nome, endere\u00e7o, palavra-passe, etc.<\/p><h2>Quem utiliza as informa\u00e7\u00f5es armazenadas nas cookies?<\/h2><p>A informa\u00e7\u00e3o armazenada nas cookies do nosso site \u00e9 utilizada exclusivamente por n\u00f3s, com exce\u00e7\u00e3o das identificados abaixo como &#8220;cookies de terceiros&#8221;, que s\u00e3o utilizadas e geridas por entidades externas que nos fornecem servi\u00e7os que melhoram a experi\u00eancia do utilizador. Por exemplo, as estat\u00edsticas recolhidas sobre o n\u00famero de visitas, os conte\u00fados mais populares, etc., s\u00e3o normalmente geridas pelo Google Analytics. <\/p><h2>Como pode impedir a utiliza\u00e7\u00e3o de cookies neste s\u00edtio Web?<\/h2><p>Se preferir evitar a utiliza\u00e7\u00e3o de cookies pode REJEITAR a sua utiliza\u00e7\u00e3o (neste documento damos-lhe mais informa\u00e7\u00f5es sobre cada tipo de cookie, a sua finalidade, destinat\u00e1rio, temporalidade, etc. &#8230;. ).<\/p><p>Se as tiver aceite, n\u00e3o lhe voltaremos a pedir, a menos que apague as cookies do seu dispositivo, como descrito na sec\u00e7\u00e3o seguinte. Se quiseres revogar o teu consentimento, ter\u00e1s de apagar as suas cookies e reinici\u00e1-las. <\/p><h2>Como \u00e9 que posso desativar e eliminar a utiliza\u00e7\u00e3o de cookies?<\/h2><p>O Propriet\u00e1rio exibe informa\u00e7\u00f5es sobre a sua Pol\u00edtica de Cookies no menu de rodap\u00e9 e no banner de cookies acess\u00edvel em todas as p\u00e1ginas do Website. O banner de cookies apresenta informa\u00e7\u00f5es essenciais sobre o processamento de dados e permite ao Utilizador realizar as seguintes ac\u00e7\u00f5es: <\/p><ul><li>ACEITAR ou RECUSAR a instala\u00e7\u00e3o de cookies, ou retirar o consentimento previamente concedido.<\/li><li>Para mais informa\u00e7\u00f5es, consulta a p\u00e1gina <a href=\"https:\/\/renefuel.com\/pt-pt\/politica-de-cookies\/\">Pol\u00edtica de cookies<\/a>.<\/li><\/ul><p>Para restringir, bloquear ou eliminar as cookies deste s\u00edtio Web (e as utilizadas por terceiros), podes faz\u00ea-lo a qualquer momento, modificando as defini\u00e7\u00f5es do seu browser. Tenha em aten\u00e7\u00e3o que estas defini\u00e7\u00f5es s\u00e3o diferentes para cada browser. <\/p><p>As liga\u00e7\u00f5es seguintes fornecem instru\u00e7\u00f5es sobre como ativar ou desativar os cookies nos browsers mais comuns.<\/p><ul><li><a href=\"http:\/\/support.mozilla.org\/es\/kb\/habilitar-y-deshabilitar-cookies-que-los-sitios-we\" target=\"_blank\" rel=\"nofollow noopener\">Firefox<\/a><\/li><li><a href=\"https:\/\/support.google.com\/chrome\/answer\/95647?hl=es\" target=\"_blank\" rel=\"noopener noreferrer nofollow\">Google Chrome<\/a><\/li><li><a href=\"https:\/\/support.microsoft.com\/es-es\/help\/17442\/windows-internet-explorer-delete-manage-cookies#ie=%22ie-10\" target=\"_blank\" rel=\"noopener noreferrer nofollow\">Internet Explorer<\/a><\/li><li><a href=\"https:\/\/support.microsoft.com\/es-es\/help\/4468242\/microsoft-edge-browsing-data-and-privacy\" target=\"_blank\" rel=\"noopener noreferrer nofollow\">Microsoft Edge<\/a><\/li><li><a href=\"http:\/\/support.apple.com\/kb\/HT1677?viewlocale=es_ES\" target=\"_blank\" rel=\"nofollow noopener\">Safari<\/a><\/li><\/ul><h2>Que tipos de cookies s\u00e3o utilizadas neste s\u00edtio Web?<\/h2><p>Cada s\u00edtio Web utiliza os seus pr\u00f3prios cookies. Utilizamos o seguinte no nosso s\u00edtio Web: <\/p><p><b>DE ACORDO COM A ENTIDADE QUE O GERE<\/b><\/p><p><b>Cookies pr\u00f3prias:<\/b><\/p><p>S\u00e3o enviadas para o equipamento terminal do utilizador a partir de um computador ou dom\u00ednio gerido pelo pr\u00f3prio editor e a partir do qual \u00e9 prestado o servi\u00e7o solicitado pelo utilizador.<\/p><p><b>Cookies de terceiros:<\/b><\/p><p>S\u00e3o aquelas que s\u00e3o enviadas para o equipamento terminal do Utilizador a partir de um computador ou dom\u00ednio que n\u00e3o \u00e9 gerido pelo editor, mas por outra entidade que processa os dados obtidos atrav\u00e9s das cookies.<\/p><p>No caso de as cookies serem servidas a partir de um computador ou dom\u00ednio gerido pelo pr\u00f3prio editor, mas a informa\u00e7\u00e3o recolhida atrav\u00e9s delas ser gerida por um terceiro, n\u00e3o podem ser considerados cookies pr\u00f3prias se o terceiro as utilizar para os seus pr\u00f3prios fins (por exemplo, para melhorar os servi\u00e7os que presta ou para prestar servi\u00e7os de publicidade a outras entidades).<\/p><p><b>DE ACORDO COM O SEU OBJECTIVO<\/b><\/p><p><b>Cookies t\u00e9cnicas:<\/b><\/p><p>S\u00e3o as necess\u00e1rias para a navega\u00e7\u00e3o e o bom funcionamento do nosso s\u00edtio Web, como, por exemplo, controlar o tr\u00e1fego e a comunica\u00e7\u00e3o de dados, identificar a sess\u00e3o, aceder a partes de acesso restrito, fazer um pedido de registo ou de participa\u00e7\u00e3o num evento, contar as visitas para efeitos de fatura\u00e7\u00e3o das licen\u00e7as de software com as quais o servi\u00e7o do s\u00edtio Web funciona, utilizar elementos de seguran\u00e7a durante a navega\u00e7\u00e3o, armazenar conte\u00fados para a difus\u00e3o de v\u00eddeos ou de som, permitir conte\u00fados din\u00e2micos (por exemplo, animar o carregamento de textos ou imagens) ou partilhar conte\u00fados atrav\u00e9s das redes sociais.<\/p><p><b>Cookies de an\u00e1lise:<\/b><\/p><p>Permitem quantificar o n\u00famero de utilizadores e, assim, medir e analisar estatisticamente a forma como os utilizadores utilizam o s\u00edtio Web.<\/p><p><b>Cookies de prefer\u00eancias ou de personaliza\u00e7\u00e3o:<\/b><\/p><p>S\u00e3o aquelas que permitem recordar informa\u00e7\u00f5es para que o Utilizador possa aceder ao servi\u00e7o com determinadas carater\u00edsticas que podem diferenciar a sua experi\u00eancia da de outros utilizadores, como, por exemplo, a l\u00edngua, o n\u00famero de resultados a apresentar quando o Utilizador efetua uma pesquisa, o aspeto ou o conte\u00fado do servi\u00e7o em fun\u00e7\u00e3o do tipo de navegador atrav\u00e9s do qual o Utilizador acede ao servi\u00e7o ou da regi\u00e3o a partir da qual o Utilizador acede ao servi\u00e7o, etc.<\/p><p><b>DE ACORDO COM O TEMPO QUE PERMANECEM ACTIVADAS<\/b><\/p><p><b>Cookies de sess\u00e3o:<\/b><\/p><p>Estas s\u00e3o concebidas para recolher e armazenar dados enquanto o utilizador acede a uma p\u00e1gina Web.<\/p><p>S\u00e3o normalmente utilizadas para armazenar informa\u00e7\u00f5es que s\u00f3 s\u00e3o relevantes para a presta\u00e7\u00e3o do servi\u00e7o solicitado pelo Utilizador numa \u00fanica ocasi\u00e3o (por exemplo, uma lista de produtos comprados) e desaparecem no final da sess\u00e3o.<\/p><p><b>Cookies persistentes:<\/b><\/p><p>Trata-se de cookies em que os dados s\u00e3o armazenados no terminal e podem ser acedidos e tratados durante um per\u00edodo definido pela pessoa respons\u00e1vel pela cookie, que pode ir de alguns minutos a v\u00e1rios anos. A este respeito, deve ser especificamente avaliado se a utiliza\u00e7\u00e3o de cookies persistentes \u00e9 necess\u00e1ria, uma vez que os riscos para a privacidade poderiam ser reduzidos atrav\u00e9s da utiliza\u00e7\u00e3o de cookies de sess\u00e3o. Em qualquer caso, quando s\u00e3o instaladas cookies persistentes, recomenda-se que a sua dura\u00e7\u00e3o tempor\u00e1ria seja reduzida ao m\u00ednimo necess\u00e1rio, tendo em conta a finalidade da sua utiliza\u00e7\u00e3o. Para o efeito, o parecer 4\/2012 do GT29 indicou que, para que uma cookie seja isenta do dever de consentimento informado, a sua expira\u00e7\u00e3o deve estar relacionada com a sua finalidade. Por conseguinte, \u00e9 muito mais prov\u00e1vel que as cookies de sess\u00e3o sejam isentas do que as cookies persistentes.    <\/p><p><b>Detalhes das cookies utilizadas neste s\u00edtio Web:<\/b><\/p><div><ul><li style=\"list-style-type: none;\"><ul><li><strong>PHPSESSID<\/strong><br>Cookie gerada por aplica\u00e7\u00f5es baseadas na linguagem PHP. Trata-se de um identificador de uso geral utilizado para manter as vari\u00e1veis de sess\u00e3o do utilizador. Normalmente, trata-se de um n\u00famero gerado aleatoriamente. A forma como \u00e9 utilizada pode ser espec\u00edfica do s\u00edtio, mas um bom exemplo \u00e9 manter o estado de in\u00edcio de sess\u00e3o de um utilizador entre p\u00e1ginas.<br>Categoria: Funcional.<br>Dura\u00e7\u00e3o: Sess\u00f5es.<br>Pol\u00edtica de privacidade: <a href=\"https:\/\/www.php.net\/privacy.php\">https:\/\/www.php.net\/privacy.php<\/a>   <\/li><\/ul><\/li><\/ul><ul><li style=\"list-style-type: none;\"><ul><li><strong>hasConsent<\/strong><\/li><\/ul><\/li><\/ul><ul><li style=\"list-style-type: none;\"><ul><li><strong>hasConsents<\/strong><\/li><\/ul><\/li><\/ul><ul><li style=\"list-style-type: none;\"><ul><li><strong>wordpress_test_cookie<\/strong><br>Cookie definida pelo WordPress para verificar se as cookies est\u00e3o activadas no navegador, a fim de proporcionar uma experi\u00eancia de utiliza\u00e7\u00e3o adequada aos utilizadores<br>Categoria: Funcional.<br>Dura\u00e7\u00e3o: sess\u00e3o.<br>Pol\u00edtica de privacidade: <a href=\"https:\/\/www.php.net\/privacy.php\/N\/A\">N\/A<\/a><\/li><\/ul><\/li><\/ul><ul><li style=\"list-style-type: none;\"><ul><li><strong>wp-wpml_current_admin_language_d41d8cd98f00b204e9800998ecf8427e<\/strong><\/li><\/ul><\/li><\/ul><ul><li><strong>wp-wpml_current_language<\/strong><br>Esta cookie \u00e9 utilizada para seguir a prefer\u00eancia lingu\u00edstica do utilizador<br>Categoria: Funcional.<br>Dura\u00e7\u00e3o: sess\u00e3o.<br>Pol\u00edtica de privacidade: <a href=\"https:\/\/www.php.net\/privacy.php\/N\/A\">N\/A<\/a><\/li><\/ul><\/div><\/div>\t\t\t\t\t\t\t\t<\/div>\n\t\t\t\t<\/div>\n\t\t\t\t<\/div>\n\t\t\t\t<\/div>\n\t\t","protected":false},"excerpt":{"rendered":"<p>O que s\u00e3o cookies? Em ingl\u00eas, o termo &#8220;cookie&#8221; significa biscoito, mas no dom\u00ednio da navega\u00e7\u00e3o na Web, uma &#8220;cookie&#8221; \u00e9 algo completamente diferente. Quando acede ao nosso site, uma pequena quantidade de texto chamada &#8220;cookie&#8221; \u00e9 armazenada no browser do seu dispositivo. Este texto cont\u00e9m muitas informa\u00e7\u00f5es sobre os seus h\u00e1bitos de navega\u00e7\u00e3o, prefer\u00eancias, [&hellip;]<\/p>\n","protected":false},"author":1,"featured_media":0,"parent":0,"menu_order":0,"comment_status":"closed","ping_status":"closed","template":"elementor_header_footer","meta":{"footnotes":""},"class_list":["post-1144","page","type-page","status-publish","hentry"],"_links":{"self":[{"href":"https:\/\/renefuel.com\/pt-pt\/wp-json\/wp\/v2\/pages\/1144","targetHints":{"allow":["GET"]}}],"collection":[{"href":"https:\/\/renefuel.com\/pt-pt\/wp-json\/wp\/v2\/pages"}],"about":[{"href":"https:\/\/renefuel.com\/pt-pt\/wp-json\/wp\/v2\/types\/page"}],"author":[{"embeddable":true,"href":"https:\/\/renefuel.com\/pt-pt\/wp-json\/wp\/v2\/users\/1"}],"replies":[{"embeddable":true,"href":"https:\/\/renefuel.com\/pt-pt\/wp-json\/wp\/v2\/comments?post=1144"}],"version-history":[{"count":21,"href":"https:\/\/renefuel.com\/pt-pt\/wp-json\/wp\/v2\/pages\/1144\/revisions"}],"predecessor-version":[{"id":1440,"href":"https:\/\/renefuel.com\/pt-pt\/wp-json\/wp\/v2\/pages\/1144\/revisions\/1440"}],"wp:attachment":[{"href":"https:\/\/renefuel.com\/pt-pt\/wp-json\/wp\/v2\/media?parent=1144"}],"curies":[{"name":"wp","href":"https:\/\/api.w.org\/{rel}","templated":true}]}}