{"id":1199,"date":"2025-03-30T11:52:02","date_gmt":"2025-03-30T11:52:02","guid":{"rendered":"https:\/\/renefuel.com\/politica-de-privacidade\/"},"modified":"2025-03-30T22:45:26","modified_gmt":"2025-03-30T22:45:26","slug":"politica-de-privacidade","status":"publish","type":"page","link":"https:\/\/renefuel.com\/pt-pt\/politica-de-privacidade\/","title":{"rendered":"Pol\u00edtica de privacidade"},"content":{"rendered":"\t\t<div data-elementor-type=\"wp-page\" data-elementor-id=\"1199\" class=\"elementor elementor-1199 elementor-1078\" data-elementor-post-type=\"page\">\n\t\t\t\t<div class=\"elementor-element elementor-element-66a2190e e-flex e-con-boxed e-con e-parent\" data-id=\"66a2190e\" data-element_type=\"container\" data-e-type=\"container\">\n\t\t\t\t\t<div class=\"e-con-inner\">\n\t\t\t\t<div class=\"elementor-element elementor-element-6a32a1e2 elementor-widget elementor-widget-text-editor\" data-id=\"6a32a1e2\" data-element_type=\"widget\" data-e-type=\"widget\" data-widget_type=\"text-editor.default\">\n\t\t\t\t<div class=\"elementor-widget-container\">\n\t\t\t\t\t\t\t\t\t<header class=\"page-header\"><h1 class=\"entry-title\"> <\/h1><\/header><div class=\"page-content\"><p>O Propriet\u00e1rio informa-o sobre a sua Pol\u00edtica de Privacidade relativa ao tratamento e \u00e0 prote\u00e7\u00e3o dos dados pessoais dos utilizadores que possam ser recolhidos durante a navega\u00e7\u00e3o no Website: <a href=\"https:\/\/renefuel.com\/pt-pt\/\">https:\/\/renefuel.com<\/a><\/p><p>Neste sentido, o Propriet\u00e1rio garante o cumprimento da legisla\u00e7\u00e3o vigente sobre a prote\u00e7\u00e3o de dados pessoais, sobre a Prote\u00e7\u00e3o de Dados Pessoais e a Garantia dos Direitos Digitais (LOPD GDD). Tamb\u00e9m cumpre o Regulamento (UE) 2016\/679 do Parlamento Europeu e do Conselho, de 27 de abril de 2016, relativo \u00e0 prote\u00e7\u00e3o das pessoas singulares (RGPD). <\/p><p>A utiliza\u00e7\u00e3o do s\u00edtio Web implica a aceita\u00e7\u00e3o da presente Pol\u00edtica de Privacidade, bem como das condi\u00e7\u00f5es inclu\u00eddas no <a href=\"https:\/\/renefuel.com\/pt-pt\/aviso-legal\/\">Aviso Legal<\/a>.<\/p><h2>Identidade da pessoa respons\u00e1vel<\/h2><ul><li><b>Propriet\u00e1rio:<\/b> Renefuel &#8211; Fueling Change, Lda.<\/li><li><b><span style=\"font-weight: bolder;\">Endere\u00e7o<\/span>:<\/b> Pra\u00e7a Conde de Agrolongo 123, 4700-312 Braga<\/li><li><b>Correio eletr\u00f3nico:<\/b> info@renefuel.com<\/li><li><b>Website:<\/b> <a href=\"https:\/\/renefuel.com\/pt-pt\/\">https:\/\/renefuel.com<\/a><\/li><\/ul><h2>Princ\u00edpios aplicados ao tratamento de dados<\/h2><p>Ao processar os teus dados pessoais, o respons\u00e1vel pelo tratamento de dados aplica os seguintes princ\u00edpios, que est\u00e3o em conformidade com os requisitos do novo Regulamento Europeu de Prote\u00e7\u00e3o de Dados (RGPD):<\/p><ul><li>Princ\u00edpio da legalidade, da equidade e da transpar\u00eancia: O respons\u00e1vel pelo tratamento exigir\u00e1 sempre o consentimento para o tratamento de dados pessoais, que podem ter uma ou mais finalidades espec\u00edficas sobre as quais o respons\u00e1vel pelo tratamento informar\u00e1 previamente o utilizador com absoluta transpar\u00eancia.<\/li><li>Princ\u00edpio da minimiza\u00e7\u00e3o dos dados: O respons\u00e1vel pelo tratamento de dados solicita apenas os dados estritamente necess\u00e1rios para a(s) finalidade(s) para a(s) qual(is) os dados s\u00e3o solicitados.<\/li><li>Princ\u00edpio da limita\u00e7\u00e3o do per\u00edodo de conserva\u00e7\u00e3o: O respons\u00e1vel pelo tratamento de dados conserva os dados pessoais recolhidos durante o tempo estritamente necess\u00e1rio para a(s) finalidade(s) do tratamento. O Respons\u00e1vel pelo Tratamento informar\u00e1 o Utilizador do per\u00edodo de reten\u00e7\u00e3o correspondente, de acordo com a finalidade.<br>No caso das subscri\u00e7\u00f5es, o Titular do Registo proceder\u00e1 \u00e0 revis\u00e3o peri\u00f3dica das listas e remover\u00e1 os registos que tenham estado inactivos durante um per\u00edodo de tempo consider\u00e1vel. <\/li><li>Princ\u00edpio da integridade e da confidencialidade: Os dados pessoais recolhidos ser\u00e3o tratados de forma a garantir a sua seguran\u00e7a, confidencialidade e integridade.<br>O respons\u00e1vel pelo tratamento de dados toma as precau\u00e7\u00f5es necess\u00e1rias para impedir o acesso n\u00e3o autorizado ou a utiliza\u00e7\u00e3o abusiva dos dados dos seus utilizadores por terceiros.<\/li><\/ul><h2>Recolha de dados pessoais<\/h2><p>N\u00e3o precisa de fornecer quaisquer dados pessoais para navegar no s\u00edtio Web.<\/p><p>Os casos em que o utilizador fornece os seus dados pessoais s\u00e3o os seguintes:<\/p><ul><li>Contactando-nos atrav\u00e9s dos formul\u00e1rios de contacto ou enviando um e-mail.<\/li><li>Quando comenta um artigo ou uma p\u00e1gina.<\/li><\/ul><h2>Direitos<\/h2><p>O Propriet\u00e1rio informa-o que tens o direito de:<\/p><ul><li>Solicitar o acesso aos dados armazenados.<\/li><li>Solicitar a retifica\u00e7\u00e3o ou o apagamento.<\/li><li>Pedir que o teu tratamento seja limitado.<\/li><li>Tratamento oposto.<\/li><\/ul><p>N\u00e3o pode exercer o seu direito \u00e0 portabilidade dos dados.<\/p><p>O exerc\u00edcio destes direitos \u00e9 pessoal e deve, por conseguinte, ser exercido diretamente pela pessoa em causa, solicitando-o diretamente ao respons\u00e1vel pelo tratamento, o que significa que qualquer cliente, assinante ou trabalhador que tenha fornecido os seus dados pode, em qualquer momento, contactar o respons\u00e1vel pelo tratamento e solicitar informa\u00e7\u00f5es sobre os dados armazenados e a forma como foram obtidos, solicitar a retifica\u00e7\u00e3o dos dados, opor-se ao seu tratamento, limitar a sua utiliza\u00e7\u00e3o ou solicitar a elimina\u00e7\u00e3o desses dados dos ficheiros do respons\u00e1vel pelo tratamento.<\/p><p>Para exercer os seus direitos, envie o seu pedido, acompanhado de uma fotoc\u00f3pia do seu bilhete de identidade nacional ou equivalente, para o seguinte endere\u00e7o eletr\u00f3nico: info@renefuel.com.<\/p><p>O exerc\u00edcio destes direitos n\u00e3o inclui quaisquer dados que o respons\u00e1vel pelo tratamento de dados seja obrigado a conservar para fins administrativos, legais ou de seguran\u00e7a.<\/p><p>Tem direito a uma prote\u00e7\u00e3o judicial eficaz e a apresentar uma queixa junto da autoridade de controlo, neste caso a Ag\u00eancia Portuguesa de Prote\u00e7\u00e3o de Dados, se considerar que o tratamento dos dados pessoais que lhe dizem respeito viola o regulamento.<\/p><h2 id=\"finalidad-del-tratamiento-de-datos-personales\">Finalidade do tratamento de dados pessoais<\/h2><p>Quando se liga ao Website para enviar um e-mail ao Propriet\u00e1rio, escrever um coment\u00e1rio sobre um artigo ou uma p\u00e1gina, subscrever a sua newsletter, est\u00e1s a fornecer informa\u00e7\u00f5es pessoais pelas quais o Propriet\u00e1rio \u00e9 respons\u00e1vel. Estas informa\u00e7\u00f5es podem incluir dados pessoais como o teu endere\u00e7o IP, nome e apelido, endere\u00e7o f\u00edsico, endere\u00e7o de e-mail, n\u00famero de telefone e outras informa\u00e7\u00f5es. Ao fornecer esta informa\u00e7\u00e3o, consente que a sua informa\u00e7\u00e3o seja recolhida, usada, gerida e armazenada pela &#8211; Ionos &#8211; apenas como descrito nas p\u00e1ginas:  <\/p><ul><li><a href=\"https:\/\/renefuel.com\/pt-pt\/aviso-legal\/\">Aviso legal<\/a><\/li><li><a href=\"https:\/\/renefuel.com\/pt-pt\/politica-de-privacidade\/\">Pol\u00edtica de privacidade<\/a><\/li><\/ul><p>Os dados pessoais e a finalidade para a qual s\u00e3o tratados cada tipo de ado diferem consoante o sistema de recolha de informa\u00e7\u00f5es:<\/p><ul><li>Formul\u00e1rios de contacto: O Propriet\u00e1rio solicita dados pessoais, que podem incluir: nome e apelido, endere\u00e7o de correio eletr\u00f3nico, n\u00famero de telefone e endere\u00e7o do s\u00edtio Web, para responder \u00e0s perguntas dos Utilizadores.<br>Por exemplo, o Respons\u00e1vel pelo Tratamento utiliza estes dados para responder a mensagens, consultas, reclama\u00e7\u00f5es, coment\u00e1rios ou preocupa\u00e7\u00f5es que os Utilizadores possam ter relativamente \u00e0 informa\u00e7\u00e3o inclu\u00edda no S\u00edtio Web, ao tratamento de dados pessoais, a perguntas relativas aos textos legais inclu\u00eddos no S\u00edtio Web, bem como a qualquer outra pergunta que o Utilizador possa ter e que n\u00e3o esteja sujeita \u00e0s condi\u00e7\u00f5es do S\u00edtio Web.<\/li><li>Formul\u00e1rios de coment\u00e1rios: O Propriet\u00e1rio solicita dados pessoais que podem incluir: nome e apelido, endere\u00e7o de correio eletr\u00f3nico e endere\u00e7o do website para responder aos coment\u00e1rios do Utilizador.<\/li><\/ul><p>Existem outras finalidades para as quais o respons\u00e1vel pelo tratamento de dados trata os dados pessoais:<\/p><ul><li>Para garantir o cumprimento das condi\u00e7\u00f5es definidas na p\u00e1gina Aviso Legal e na legisla\u00e7\u00e3o aplic\u00e1vel. Isto pode incluir o desenvolvimento de ferramentas e algoritmos para ajudar o site a garantir a confidencialidade dos dados pessoais que recolhe. <\/li><li>Para apoiar e melhorar os servi\u00e7os oferecidos por este s\u00edtio Web.<\/li><li>Analisar a navega\u00e7\u00e3o do utilizador. O Titular recolhe outros dados n\u00e3o identific\u00e1veis obtidos atrav\u00e9s da utiliza\u00e7\u00e3o de cookies que s\u00e3o descarregados no computador do Utilizador quando este navega no Site, cujas carater\u00edsticas e finalidade s\u00e3o detalhadas na p\u00e1gina <a href=\"https:\/\/renefuel.com\/pt-pt\/politica-de-cookies\/\">Pol\u00edtica de Cookies<\/a>. <\/li><li><p>Gere as redes sociais. O Propriet\u00e1rio est\u00e1 presente nas redes sociais. Se se tornar um seguidor nas redes sociais do Propriet\u00e1rio, o tratamento dos seus dados pessoais ser\u00e1 regido por esta sec\u00e7\u00e3o, bem como pelas condi\u00e7\u00f5es de utiliza\u00e7\u00e3o, pol\u00edticas de privacidade e regulamentos de acesso pertencentes \u00e0 rede social que se aplique em cada caso e que tenha aceite previamente.<br>Pode consultar as pol\u00edticas de privacidade das principais redes sociais seguindo estas liga\u00e7\u00f5es:  <\/p><ul><li><a href=\"https:\/\/www.facebook.com\/help\/cookies\" target=\"_blank\" rel=\"nofollow noopener\">Facebook<\/a><\/li><li><a href=\"https:\/\/twitter.com\/privacy\" target=\"_blank\" rel=\"nofollow noopener\">X<\/a><\/li><li><a href=\"https:\/\/www.linkedin.com\/legal\/cookie-policy\" target=\"_blank\" rel=\"nofollow noopener\">Linkedin<\/a><\/li><li><a href=\"https:\/\/www.youtube.com\/privacy\" target=\"_blank\" rel=\"nofollow noopener\">YouTube<\/a><\/li><li><a href=\"https:\/\/www.instagram.com\/legal\/privacy\/\" target=\"_blank\" rel=\"nofollow noopener\">Instagram<\/a><\/li><\/ul><\/li><\/ul><p>O Propriet\u00e1rio tratar\u00e1 os teus dados pessoais para gerir corretamente a sua presen\u00e7a na rede social, informar das suas actividades, bem como para qualquer outra finalidade que os regulamentos da rede social permitam.<\/p><p>Em caso algum o respons\u00e1vel pelo tratamento de dados utilizar\u00e1 os perfis dos seguidores nas redes sociais para enviar publicidade numa base individual.<\/p><h2>Seguran\u00e7a dos dados pessoais<\/h2><p>Para proteger os seus dados pessoais, o Controlador de Dados toma todas as precau\u00e7\u00f5es razo\u00e1veis e segue as melhores pr\u00e1ticas da ind\u00fastria para evitar a perda, utiliza\u00e7\u00e3o indevida, acesso impr\u00f3prio, divulga\u00e7\u00e3o, altera\u00e7\u00e3o ou destrui\u00e7\u00e3o dos teus dados pessoais.<\/p><p>O s\u00edtio Web \u00e9 alojado por: Ionos. A seguran\u00e7a dos dados \u00e9 garantida, uma vez que s\u00e3o tomadas todas as medidas de seguran\u00e7a necess\u00e1rias. Para mais informa\u00e7\u00f5es, podes consultar a sua pol\u00edtica de privacidade.  <\/p><p>O Controlador de Dados informa o Utilizador que os seus dados pessoais n\u00e3o ser\u00e3o transferidos para organiza\u00e7\u00f5es terceiras, exceto quando essa transfer\u00eancia de dados estiver coberta por uma obriga\u00e7\u00e3o legal ou quando a presta\u00e7\u00e3o de um servi\u00e7o implicar a necessidade de uma rela\u00e7\u00e3o contratual com um processador de dados. Neste \u00faltimo caso, a transfer\u00eancia de dados para terceiros s\u00f3 ter\u00e1 lugar quando o respons\u00e1vel pelo tratamento de dados tiver o consentimento expresso do utilizador. <\/p><p>No entanto, em alguns casos, podem ser feitas colabora\u00e7\u00f5es com outros profissionais; nestes casos, ser\u00e1 necess\u00e1rio o consentimento do Utilizador, informando a identidade do colaborador e o objetivo da colabora\u00e7\u00e3o. A colabora\u00e7\u00e3o ser\u00e1 sempre efectuada de acordo com os mais elevados padr\u00f5es de seguran\u00e7a. <\/p><h2>Conte\u00fado de outros s\u00edtios Web<\/h2><p>As p\u00e1ginas deste s\u00edtio Web podem incluir conte\u00fados incorporados (por exemplo, v\u00eddeos, imagens, artigos, etc.). O conte\u00fado incorporado de outros s\u00edtios Web comporta-se exatamente da mesma forma como se o utilizador tivesse visitado o outro s\u00edtio Web. <\/p><p>Estes s\u00edtios Web podem recolher dados sobre si, utilizar cookies, incorporar c\u00f3digo de rastreio adicional de terceiros e monitorizar a sua intera\u00e7\u00e3o utilizando este c\u00f3digo.<\/p><h2>Pol\u00edtica de cookies<\/h2><p>Para que este s\u00edtio Web funcione corretamente, \u00e9 necess\u00e1rio utilizar cookies, que s\u00e3o peda\u00e7os de informa\u00e7\u00e3o armazenados no seu navegador Web.<\/p><p>Pode consultar todas as informa\u00e7\u00f5es sobre a pol\u00edtica de recolha e tratamento de cookies na p\u00e1gina <a href=\"https:\/\/renefuel.com\/pt-pt\/politica-de-cookies\/\">Pol\u00edtica de Cookies<\/a>.<\/p><h2>Legitima\u00e7\u00e3o do tratamento de dados<\/h2><p>A base legal para o processamento dos teus dados \u00e9:<\/p><ul><li>O consentimento da pessoa em causa.<\/li><\/ul><h2>Categorias de dados pessoais<\/h2><p>As categorias de dados pessoais tratados pelo respons\u00e1vel pelo tratamento de dados s\u00e3o:<\/p><ul><li>Dados de identifica\u00e7\u00e3o.<\/li><li>N\u00e3o s\u00e3o tratadas categorias de dados especialmente protegidas.<\/li><\/ul><h2>Conserva\u00e7\u00e3o de dados pessoais<\/h2><p>Os dados pessoais fornecidos \u00e0 pessoa em causa ser\u00e3o conservados at\u00e9 ao momento em que esta solicitar a sua elimina\u00e7\u00e3o.<\/p><div id=\"destinatarios\"><h2>Destinat\u00e1rios dos dados pessoais<\/h2><ul><li><b>O Google Analytics<\/b> \u00e9 um servi\u00e7o de an\u00e1lise da Web fornecido pela Google, Inc., uma empresa de Delaware com sede em 1600 Amphitheatre Parkway, Mountain View, Calif\u00f3rnia, CA 94043, Estados Unidos (&#8220;Google&#8221;).<br>O Google Analytics utiliza &#8220;cookies&#8221;, que s\u00e3o ficheiros de texto colocados no teu computador, para ajudar o propriet\u00e1rio do s\u00edtio Web a analisar a forma como os utilizadores utilizam o s\u00edtio. As informa\u00e7\u00f5es geradas pelo cookie sobre a tua utiliza\u00e7\u00e3o do s\u00edtio Web (incluindo o teu endere\u00e7o IP) ser\u00e3o transmitidas e armazenadas pela Google em servidores nos Estados Unidos.<br>Mais informa\u00e7\u00f5es em: <a href=\"https:\/\/policies.google.com\/privacy?hl=es-ES\" target=\"_blank\" rel=\"nofollow noopener\">https:\/\/analytics.google.com<\/a> <\/li><\/ul><\/div><p>Pode ver como a Google gere a privacidade em rela\u00e7\u00e3o \u00e0 utiliza\u00e7\u00e3o de cookies e outras informa\u00e7\u00f5es na p\u00e1gina da Pol\u00edtica de Privacidade da Google: <a href=\"https:\/\/policies.google.com\/privacy?hl=es\" target=\"_blank\" rel=\"nofollow noopener\">https:\/\/policies.google.com\/privacy?hl=es<\/a><\/p><p>Tamb\u00e9m pode consultar uma lista dos tipos de cookies utilizados pela Google e pelos seus parceiros e todas as informa\u00e7\u00f5es relativas \u00e0 utiliza\u00e7\u00e3o de cookies de publicidade em:<\/p><ul><li><a href=\"https:\/\/policies.google.com\/technologies\/types?hl=es\" target=\"_blank\" rel=\"nofollow noopener\">Tipos de cookies utilizados pelo Google<\/a><\/li><li><a href=\"https:\/\/policies.google.com\/technologies\/ads?hl=es\" target=\"_blank\" rel=\"nofollow noopener\">Como \u00e9 que a Google utiliza os cookies na publicidade<\/a>.<\/li><\/ul><h2>Navega\u00e7\u00e3o na Web<\/h2><p>\u00c0 medida que o utilizador navega no s\u00edtio Web, podem ser recolhidos dados n\u00e3o identificadores, que podem incluir o endere\u00e7o IP, a geolocaliza\u00e7\u00e3o, um registo da forma como os servi\u00e7os e os s\u00edtios s\u00e3o utilizados, h\u00e1bitos de navega\u00e7\u00e3o e outros dados que n\u00e3o podem ser utilizados para identificar o utilizador.<\/p><p>O s\u00edtio Web utiliza os seguintes servi\u00e7os de an\u00e1lise de terceiros:<\/p><ul><li>Google Analytics.<\/li><\/ul><p>O Propriet\u00e1rio utiliza as informa\u00e7\u00f5es obtidas para obter dados estat\u00edsticos, analisar tend\u00eancias, administrar o site, estudar padr\u00f5es de navega\u00e7\u00e3o e recolher informa\u00e7\u00f5es demogr\u00e1ficas.<\/p><p>O Propriet\u00e1rio n\u00e3o \u00e9 respons\u00e1vel pelo processamento de dados pessoais pelos sites que podem ser acedidos atrav\u00e9s dos v\u00e1rios links contidos no Site.<\/p><h2>Exatid\u00e3o e veracidade dos dados pessoais<\/h2><p>O utilizador compromete-se a garantir que os dados fornecidos ao respons\u00e1vel pelo tratamento s\u00e3o corretos, completos, exactos e actualizados, e a mant\u00ea-los devidamente actualizados.<\/p><p>Como utilizador do s\u00edtio Web, \u00e9 o \u00fanico respons\u00e1vel pela veracidade e corre\u00e7\u00e3o dos dados introduzidos no s\u00edtio Web e isenta o propriet\u00e1rio de qualquer responsabilidade a este respeito.<\/p><h2>Aceita\u00e7\u00e3o e consentimento<\/h2><p>Como Utilizador do S\u00edtio Web declara ter sido informado das condi\u00e7\u00f5es de prote\u00e7\u00e3o dos dados pessoais, aceita e consente o tratamento desses dados pelo Titular na forma e para os fins indicados na presente Pol\u00edtica de Privacidade.<\/p><p>Para contactar o Propriet\u00e1rio, subscrever uma newsletter ou fazer coment\u00e1rios neste s\u00edtio Web, tens de aceitar esta Pol\u00edtica de Privacidade.<\/p><h2>Altera\u00e7\u00f5es \u00e0 pol\u00edtica de privacidade<\/h2><p>O Propriet\u00e1rio reserva-se o direito de modificar esta Pol\u00edtica de Privacidade para adapt\u00e1-la \u00e0 nova legisla\u00e7\u00e3o ou jurisprud\u00eancia, bem como \u00e0s pr\u00e1ticas do sector.<\/p><p>Estas pol\u00edticas manter-se-\u00e3o em vigor at\u00e9 serem alteradas por outras devidamente publicadas.<\/p><\/div>\t\t\t\t\t\t\t\t<\/div>\n\t\t\t\t<\/div>\n\t\t\t\t\t<\/div>\n\t\t\t\t<\/div>\n\t\t\t\t<\/div>\n\t\t","protected":false},"excerpt":{"rendered":"<p>O Propriet\u00e1rio informa-o sobre a sua Pol\u00edtica de Privacidade relativa ao tratamento e \u00e0 prote\u00e7\u00e3o dos dados pessoais dos utilizadores que possam ser recolhidos durante a navega\u00e7\u00e3o no Website: https:\/\/renefuel.com Neste sentido, o Propriet\u00e1rio garante o cumprimento da legisla\u00e7\u00e3o vigente sobre a prote\u00e7\u00e3o de dados pessoais, sobre a Prote\u00e7\u00e3o de Dados Pessoais e a Garantia [&hellip;]<\/p>\n","protected":false},"author":1,"featured_media":0,"parent":0,"menu_order":0,"comment_status":"closed","ping_status":"closed","template":"","meta":{"footnotes":""},"class_list":["post-1199","page","type-page","status-publish","hentry"],"_links":{"self":[{"href":"https:\/\/renefuel.com\/pt-pt\/wp-json\/wp\/v2\/pages\/1199","targetHints":{"allow":["GET"]}}],"collection":[{"href":"https:\/\/renefuel.com\/pt-pt\/wp-json\/wp\/v2\/pages"}],"about":[{"href":"https:\/\/renefuel.com\/pt-pt\/wp-json\/wp\/v2\/types\/page"}],"author":[{"embeddable":true,"href":"https:\/\/renefuel.com\/pt-pt\/wp-json\/wp\/v2\/users\/1"}],"replies":[{"embeddable":true,"href":"https:\/\/renefuel.com\/pt-pt\/wp-json\/wp\/v2\/comments?post=1199"}],"version-history":[{"count":4,"href":"https:\/\/renefuel.com\/pt-pt\/wp-json\/wp\/v2\/pages\/1199\/revisions"}],"predecessor-version":[{"id":1378,"href":"https:\/\/renefuel.com\/pt-pt\/wp-json\/wp\/v2\/pages\/1199\/revisions\/1378"}],"wp:attachment":[{"href":"https:\/\/renefuel.com\/pt-pt\/wp-json\/wp\/v2\/media?parent=1199"}],"curies":[{"name":"wp","href":"https:\/\/api.w.org\/{rel}","templated":true}]}}