{"id":176,"date":"2025-03-26T23:11:10","date_gmt":"2025-03-26T23:11:10","guid":{"rendered":"https:\/\/renefuel.com\/casa\/"},"modified":"2025-05-08T12:15:56","modified_gmt":"2025-05-08T12:15:56","slug":"inicio-pt","status":"publish","type":"page","link":"https:\/\/renefuel.com\/pt-pt\/","title":{"rendered":"In\u00edcio"},"content":{"rendered":"\t\t<div data-elementor-type=\"wp-page\" data-elementor-id=\"176\" class=\"elementor elementor-176 elementor-142\" data-elementor-post-type=\"page\">\n\t\t\t\t<div class=\"elementor-element elementor-element-49e361e e-con-full e-flex e-con e-parent\" data-id=\"49e361e\" data-element_type=\"container\" data-e-type=\"container\">\n\t\t<div class=\"elementor-element elementor-element-db11023 e-con-full e-flex e-con e-child\" data-id=\"db11023\" data-element_type=\"container\" data-e-type=\"container\">\n\t\t\t\t<div class=\"elementor-element elementor-element-1f741b7 elementor-widget elementor-widget-image\" data-id=\"1f741b7\" data-element_type=\"widget\" data-e-type=\"widget\" data-widget_type=\"image.default\">\n\t\t\t\t<div class=\"elementor-widget-container\">\n\t\t\t\t\t\t\t\t\t\t\t\t\t\t\t<img fetchpriority=\"high\" decoding=\"async\" width=\"800\" height=\"384\" src=\"https:\/\/renefuel.com\/wp-content\/uploads\/2025\/03\/Imagen2-1024x491.png\" class=\"attachment-large size-large wp-image-76\" alt=\"\" srcset=\"https:\/\/renefuel.com\/wp-content\/uploads\/2025\/03\/Imagen2-1024x491.png 1024w, https:\/\/renefuel.com\/wp-content\/uploads\/2025\/03\/Imagen2-300x144.png 300w, https:\/\/renefuel.com\/wp-content\/uploads\/2025\/03\/Imagen2-768x368.png 768w, https:\/\/renefuel.com\/wp-content\/uploads\/2025\/03\/Imagen2-1536x737.png 1536w, https:\/\/renefuel.com\/wp-content\/uploads\/2025\/03\/Imagen2-2048x982.png 2048w\" sizes=\"(max-width: 800px) 100vw, 800px\" \/>\t\t\t\t\t\t\t\t\t\t\t\t\t\t\t<\/div>\n\t\t\t\t<\/div>\n\t\t\t\t<\/div>\n\t\t<div class=\"elementor-element elementor-element-436677a e-con-full e-flex e-con e-child\" data-id=\"436677a\" data-element_type=\"container\" data-e-type=\"container\">\n\t\t\t\t<div class=\"elementor-element elementor-element-c0c0872 elementor-widget elementor-widget-image\" data-id=\"c0c0872\" data-element_type=\"widget\" data-e-type=\"widget\" data-widget_type=\"image.default\">\n\t\t\t\t<div class=\"elementor-widget-container\">\n\t\t\t\t\t\t\t\t\t\t\t\t\t\t\t<img decoding=\"async\" width=\"800\" height=\"917\" src=\"https:\/\/renefuel.com\/wp-content\/uploads\/2025\/03\/Imagen1-1-893x1024.png\" class=\"attachment-large size-large wp-image-19\" alt=\"\" srcset=\"https:\/\/renefuel.com\/wp-content\/uploads\/2025\/03\/Imagen1-1-893x1024.png 893w, https:\/\/renefuel.com\/wp-content\/uploads\/2025\/03\/Imagen1-1-262x300.png 262w, https:\/\/renefuel.com\/wp-content\/uploads\/2025\/03\/Imagen1-1-768x881.png 768w, https:\/\/renefuel.com\/wp-content\/uploads\/2025\/03\/Imagen1-1-1339x1536.png 1339w, https:\/\/renefuel.com\/wp-content\/uploads\/2025\/03\/Imagen1-1-1786x2048.png 1786w\" sizes=\"(max-width: 800px) 100vw, 800px\" \/>\t\t\t\t\t\t\t\t\t\t\t\t\t\t\t<\/div>\n\t\t\t\t<\/div>\n\t\t\t\t<\/div>\n\t\t\t\t<\/div>\n\t\t<div class=\"elementor-element elementor-element-e74ea2a e-con-full e-flex e-con e-parent\" data-id=\"e74ea2a\" data-element_type=\"container\" data-e-type=\"container\">\n\t\t\t\t<div class=\"elementor-element elementor-element-c6216b2 elementor-widget-tablet__width-initial elementor-widget__width-initial elementor-widget elementor-widget-image\" data-id=\"c6216b2\" data-element_type=\"widget\" data-e-type=\"widget\" data-widget_type=\"image.default\">\n\t\t\t\t<div class=\"elementor-widget-container\">\n\t\t\t\t\t\t\t\t\t\t\t\t\t\t\t<img decoding=\"async\" width=\"793\" height=\"1024\" src=\"https:\/\/renefuel.com\/wp-content\/uploads\/2025\/03\/Imagen2-1-793x1024.png\" class=\"attachment-large size-large wp-image-593\" alt=\"\" srcset=\"https:\/\/renefuel.com\/wp-content\/uploads\/2025\/03\/Imagen2-1-793x1024.png 793w, https:\/\/renefuel.com\/wp-content\/uploads\/2025\/03\/Imagen2-1-232x300.png 232w, https:\/\/renefuel.com\/wp-content\/uploads\/2025\/03\/Imagen2-1-768x992.png 768w, https:\/\/renefuel.com\/wp-content\/uploads\/2025\/03\/Imagen2-1-1189x1536.png 1189w, https:\/\/renefuel.com\/wp-content\/uploads\/2025\/03\/Imagen2-1-1585x2048.png 1585w\" sizes=\"(max-width: 793px) 100vw, 793px\" \/>\t\t\t\t\t\t\t\t\t\t\t\t\t\t\t<\/div>\n\t\t\t\t<\/div>\n\t\t<div class=\"elementor-element elementor-element-3693c61 e-con-full e-flex e-con e-child\" data-id=\"3693c61\" data-element_type=\"container\" data-e-type=\"container\">\n\t\t\t\t<div class=\"elementor-element elementor-element-c26c3fb elementor-widget elementor-widget-heading\" data-id=\"c26c3fb\" data-element_type=\"widget\" data-e-type=\"widget\" data-widget_type=\"heading.default\">\n\t\t\t\t<div class=\"elementor-widget-container\">\n\t\t\t\t\t<h2 class=\"elementor-heading-title elementor-size-default\">Desafio<\/h2>\t\t\t\t<\/div>\n\t\t\t\t<\/div>\n\t\t\t\t<div class=\"elementor-element elementor-element-ceb9934 elementor-widget elementor-widget-heading\" data-id=\"ceb9934\" data-element_type=\"widget\" data-e-type=\"widget\" data-widget_type=\"heading.default\">\n\t\t\t\t<div class=\"elementor-widget-container\">\n\t\t\t\t\t<h2 class=\"elementor-heading-title elementor-size-default\">Neutralidade carb\u00f3nica 2050<\/h2>\t\t\t\t<\/div>\n\t\t\t\t<\/div>\n\t\t\t\t<div class=\"elementor-element elementor-element-7178684 elementor-widget elementor-widget-text-editor\" data-id=\"7178684\" data-element_type=\"widget\" data-e-type=\"widget\" data-widget_type=\"text-editor.default\">\n\t\t\t\t<div class=\"elementor-widget-container\">\n\t\t\t\t\t\t\t\t\t<p>A estrat\u00e9gia da Uni\u00e3o Europeia para 2050 para uma economia neutra em termos de carbono exige:<\/p><ul><li>Aumento da <b>efici\u00eancia energ\u00e9tica<\/b><\/li><li>Aumento da <b>eletrifica\u00e7\u00e3o<\/b>:<ul><li>A ado\u00e7\u00e3o em larga escala das energias renov\u00e1veis exige um armazenamento de energia em larga escala<\/li><\/ul><\/li><li><b>Diminui <\/b>a utiliza\u00e7\u00e3o de combust\u00edveis <b>f\u00f3sseis<\/b>:<ul><li>Os combust\u00edveis f\u00f3sseis s\u00e3o densos em energia e proporcionam uma elevada densidade de pot\u00eancia<\/li><\/ul><\/li><\/ul>\t\t\t\t\t\t\t\t<\/div>\n\t\t\t\t<\/div>\n\t\t\t\t<div class=\"elementor-element elementor-element-233fbb7 elementor-widget elementor-widget-text-editor\" data-id=\"233fbb7\" data-element_type=\"widget\" data-e-type=\"widget\" data-widget_type=\"text-editor.default\">\n\t\t\t\t<div class=\"elementor-widget-container\">\n\t\t\t\t\t\t\t\t\t<p><strong>Grande necessidade de um carregador energ\u00e9tico interconvers\u00edvel <\/strong><strong>(eletricidade \u2194 armazenamento) para colmatar o d\u00e9fice de energia e de pot\u00eancia deixado pelos combust\u00edveis f\u00f3sseis<\/strong><\/p>\t\t\t\t\t\t\t\t<\/div>\n\t\t\t\t<\/div>\n\t\t\t\t<\/div>\n\t\t\t\t<\/div>\n\t\t<div class=\"elementor-element elementor-element-2178846 e-flex e-con-boxed e-con e-parent\" data-id=\"2178846\" data-element_type=\"container\" data-e-type=\"container\">\n\t\t\t\t\t<div class=\"e-con-inner\">\n\t\t<div class=\"elementor-element elementor-element-65d36e7 e-con-full e-flex e-con e-child\" data-id=\"65d36e7\" data-element_type=\"container\" data-e-type=\"container\">\n\t\t\t\t<div class=\"elementor-element elementor-element-e4af51f elementor-widget elementor-widget-heading\" data-id=\"e4af51f\" data-element_type=\"widget\" data-e-type=\"widget\" data-widget_type=\"heading.default\">\n\t\t\t\t<div class=\"elementor-widget-container\">\n\t\t\t\t\t<h2 class=\"elementor-heading-title elementor-size-default\">Transportador de energia alternativa \n<\/h2>\t\t\t\t<\/div>\n\t\t\t\t<\/div>\n\t\t\t\t<div class=\"elementor-element elementor-element-6e85a1d elementor-widget elementor-widget-heading\" data-id=\"6e85a1d\" data-element_type=\"widget\" data-e-type=\"widget\" data-widget_type=\"heading.default\">\n\t\t\t\t<div class=\"elementor-widget-container\">\n\t\t\t\t\t<h2 class=\"elementor-heading-title elementor-size-default\">Requisitos\n<\/h2>\t\t\t\t<\/div>\n\t\t\t\t<\/div>\n\t\t\t\t<div class=\"elementor-element elementor-element-57d0da7 elementor-widget elementor-widget-text-editor\" data-id=\"57d0da7\" data-element_type=\"widget\" data-e-type=\"widget\" data-widget_type=\"text-editor.default\">\n\t\t\t\t<div class=\"elementor-widget-container\">\n\t\t\t\t\t\t\t\t\t<ul><li><b>Interconvers\u00edvel<\/b> em eletricidade com boa efici\u00eancia energ\u00e9tica de ida e volta<\/li><\/ul><ul><li><b>Alta <\/b>densidade <b>de energia <\/b><\/li><\/ul><ul><li><b>Alta <\/b>densidade <b>de pot\u00eancia <\/b><\/li><\/ul><ul><li><b>N\u00e3o<\/b> baseado em <b>carbono<\/b> <\/li><\/ul><ul><li><b>Rent\u00e1vel<\/b><\/li><\/ul><ul><li><b>N\u00e3o emite gases com efeito de estufa <\/b>(GEE)<\/li><\/ul>\t\t\t\t\t\t\t\t<\/div>\n\t\t\t\t<\/div>\n\t\t\t\t<\/div>\n\t\t\t\t<div class=\"elementor-element elementor-element-7981899 elementor-widget elementor-widget-image\" data-id=\"7981899\" data-element_type=\"widget\" data-e-type=\"widget\" data-widget_type=\"image.default\">\n\t\t\t\t<div class=\"elementor-widget-container\">\n\t\t\t\t\t\t\t\t\t\t\t\t\t\t\t<img loading=\"lazy\" decoding=\"async\" width=\"784\" height=\"1024\" src=\"https:\/\/renefuel.com\/wp-content\/uploads\/2025\/03\/Imagen3-784x1024.png\" class=\"attachment-large size-large wp-image-634\" alt=\"\" srcset=\"https:\/\/renefuel.com\/wp-content\/uploads\/2025\/03\/Imagen3-784x1024.png 784w, https:\/\/renefuel.com\/wp-content\/uploads\/2025\/03\/Imagen3-230x300.png 230w, https:\/\/renefuel.com\/wp-content\/uploads\/2025\/03\/Imagen3-768x1003.png 768w, https:\/\/renefuel.com\/wp-content\/uploads\/2025\/03\/Imagen3-1176x1536.png 1176w, https:\/\/renefuel.com\/wp-content\/uploads\/2025\/03\/Imagen3-1568x2048.png 1568w\" sizes=\"(max-width: 784px) 100vw, 784px\" \/>\t\t\t\t\t\t\t\t\t\t\t\t\t\t\t<\/div>\n\t\t\t\t<\/div>\n\t\t\t\t\t<\/div>\n\t\t\t\t<\/div>\n\t\t<div class=\"elementor-element elementor-element-09b3655 e-con-full e-flex e-con e-parent\" data-id=\"09b3655\" data-element_type=\"container\" data-e-type=\"container\">\n\t\t<div class=\"elementor-element elementor-element-9f204ce e-con-full e-flex e-con e-child\" data-id=\"9f204ce\" data-element_type=\"container\" data-e-type=\"container\">\n\t\t\t\t<div class=\"elementor-element elementor-element-00642ef elementor-widget elementor-widget-heading\" data-id=\"00642ef\" data-element_type=\"widget\" data-e-type=\"widget\" data-widget_type=\"heading.default\">\n\t\t\t\t<div class=\"elementor-widget-container\">\n\t\t\t\t\t<h2 class=\"elementor-heading-title elementor-size-default\">Oportunidade\n\n<\/h2>\t\t\t\t<\/div>\n\t\t\t\t<\/div>\n\t\t\t\t<\/div>\n\t\t\t\t<div class=\"elementor-element elementor-element-651ebb8 elementor-widget elementor-widget-heading\" data-id=\"651ebb8\" data-element_type=\"widget\" data-e-type=\"widget\" data-widget_type=\"heading.default\">\n\t\t\t\t<div class=\"elementor-widget-container\">\n\t\t\t\t\t<h2 class=\"elementor-heading-title elementor-size-default\">Transportador alternativo de energia\n<\/h2>\t\t\t\t<\/div>\n\t\t\t\t<\/div>\n\t\t\t\t<\/div>\n\t\t<div class=\"elementor-element elementor-element-8234e2f e-flex e-con-boxed e-con e-parent\" data-id=\"8234e2f\" data-element_type=\"container\" data-e-type=\"container\">\n\t\t\t\t\t<div class=\"e-con-inner\">\n\t\t<div class=\"elementor-element elementor-element-a6fba17 e-con-full e-flex e-con e-child\" data-id=\"a6fba17\" data-element_type=\"container\" data-e-type=\"container\">\n\t\t\t\t<div class=\"elementor-element elementor-element-24ae423 elementor-widget elementor-widget-image\" data-id=\"24ae423\" data-element_type=\"widget\" data-e-type=\"widget\" data-widget_type=\"image.default\">\n\t\t\t\t<div class=\"elementor-widget-container\">\n\t\t\t\t\t\t\t\t\t\t\t\t\t\t\t<img loading=\"lazy\" decoding=\"async\" width=\"578\" height=\"386\" src=\"https:\/\/renefuel.com\/wp-content\/uploads\/2025\/03\/Imagen4.webp\" class=\"attachment-large size-large wp-image-655\" alt=\"\" \/>\t\t\t\t\t\t\t\t\t\t\t\t\t\t\t<\/div>\n\t\t\t\t<\/div>\n\t\t<div class=\"elementor-element elementor-element-7def44b e-con-full e-flex e-con e-child\" data-id=\"7def44b\" data-element_type=\"container\" data-e-type=\"container\">\n\t\t\t\t<div class=\"elementor-element elementor-element-131ee52 elementor-widget elementor-widget-text-editor\" data-id=\"131ee52\" data-element_type=\"widget\" data-e-type=\"widget\" data-widget_type=\"text-editor.default\">\n\t\t\t\t<div class=\"elementor-widget-container\">\n\t\t\t\t\t\t\t\t\t<p>Que quantidade de energia cont\u00e9m?<\/p><p>Quanto \u00e9 que pesa? <b>(Densidade gravim\u00e9trica de energia<\/b>)<\/p><p>Quanto espa\u00e7o ocupa? <b>(Densidade volum\u00e9trica de energia<\/b>)<\/p>\t\t\t\t\t\t\t\t<\/div>\n\t\t\t\t<\/div>\n\t\t\t\t<\/div>\n\t\t\t\t<\/div>\n\t\t<div class=\"elementor-element elementor-element-b37dc12 e-con-full e-flex e-con e-child\" data-id=\"b37dc12\" data-element_type=\"container\" data-e-type=\"container\">\n\t\t\t\t<div class=\"elementor-element elementor-element-caf5458 elementor-widget elementor-widget-image\" data-id=\"caf5458\" data-element_type=\"widget\" data-e-type=\"widget\" data-widget_type=\"image.default\">\n\t\t\t\t<div class=\"elementor-widget-container\">\n\t\t\t\t\t\t\t\t\t\t\t\t\t\t\t<img loading=\"lazy\" decoding=\"async\" width=\"800\" height=\"502\" src=\"https:\/\/renefuel.com\/wp-content\/uploads\/2025\/03\/Imagen5-1024x643.png\" class=\"attachment-large size-large wp-image-658\" alt=\"\" srcset=\"https:\/\/renefuel.com\/wp-content\/uploads\/2025\/03\/Imagen5-1024x643.png 1024w, https:\/\/renefuel.com\/wp-content\/uploads\/2025\/03\/Imagen5-300x188.png 300w, https:\/\/renefuel.com\/wp-content\/uploads\/2025\/03\/Imagen5-768x482.png 768w, https:\/\/renefuel.com\/wp-content\/uploads\/2025\/03\/Imagen5.png 1045w\" sizes=\"(max-width: 800px) 100vw, 800px\" \/>\t\t\t\t\t\t\t\t\t\t\t\t\t\t\t<\/div>\n\t\t\t\t<\/div>\n\t\t\t\t<div class=\"elementor-element elementor-element-7841446 elementor-widget elementor-widget-text-editor\" data-id=\"7841446\" data-element_type=\"widget\" data-e-type=\"widget\" data-widget_type=\"text-editor.default\">\n\t\t\t\t<div class=\"elementor-widget-container\">\n\t\t\t\t\t\t\t\t\t<p>A rea\u00e7\u00e3o de convers\u00e3o \u00e9 onde o trabalho \u00e9 extra\u00eddo do combust\u00edvel. \u00c9 um processo r\u00e1pido ou lento <b>(Densidade de pot\u00eancia<\/b>)<\/p>\t\t\t\t\t\t\t\t<\/div>\n\t\t\t\t<\/div>\n\t\t\t\t<\/div>\n\t\t<div class=\"elementor-element elementor-element-932f210 e-con-full e-flex e-con e-child\" data-id=\"932f210\" data-element_type=\"container\" data-e-type=\"container\">\n\t\t\t\t<div class=\"elementor-element elementor-element-ad29048 elementor-widget elementor-widget-image\" data-id=\"ad29048\" data-element_type=\"widget\" data-e-type=\"widget\" data-widget_type=\"image.default\">\n\t\t\t\t<div class=\"elementor-widget-container\">\n\t\t\t\t\t\t\t\t\t\t\t\t\t\t\t<img loading=\"lazy\" decoding=\"async\" width=\"800\" height=\"480\" src=\"https:\/\/renefuel.com\/wp-content\/uploads\/2025\/03\/Imagen6.webp\" class=\"attachment-large size-large wp-image-661\" alt=\"\" \/>\t\t\t\t\t\t\t\t\t\t\t\t\t\t\t<\/div>\n\t\t\t\t<\/div>\n\t\t\t\t<div class=\"elementor-element elementor-element-1301268 elementor-widget elementor-widget-text-editor\" data-id=\"1301268\" data-element_type=\"widget\" data-e-type=\"widget\" data-widget_type=\"text-editor.default\">\n\t\t\t\t<div class=\"elementor-widget-container\">\n\t\t\t\t\t\t\t\t\t<p>Em que se converte?<\/p><p>Quanto espa\u00e7o ocupa? Quanto \u00e9 que pesa? <b>(Densidade do produto de rea\u00e7\u00e3o<\/b>)<\/p><p>Pode voltar a converter-te facilmente no material original? <b>(Facilidade de regenera\u00e7\u00e3o<\/b>)<\/p><p>Este carregador de energia \u00e9 facilmente adotado? <b>(Custo de implementa\u00e7\u00e3o<\/b>)<\/p>\t\t\t\t\t\t\t\t<\/div>\n\t\t\t\t<\/div>\n\t\t\t\t<\/div>\n\t\t\t\t\t<\/div>\n\t\t\t\t<\/div>\n\t\t<div class=\"elementor-element elementor-element-31484b3 e-flex e-con-boxed e-con e-parent\" data-id=\"31484b3\" data-element_type=\"container\" data-e-type=\"container\">\n\t\t\t\t\t<div class=\"e-con-inner\">\n\t\t<div class=\"elementor-element elementor-element-f09a32a e-con-full e-flex e-con e-child\" data-id=\"f09a32a\" data-element_type=\"container\" data-e-type=\"container\">\n\t\t\t\t<div class=\"elementor-element elementor-element-381bd53 elementor-widget elementor-widget-image\" data-id=\"381bd53\" data-element_type=\"widget\" data-e-type=\"widget\" data-widget_type=\"image.default\">\n\t\t\t\t<div class=\"elementor-widget-container\">\n\t\t\t\t\t\t\t\t\t\t\t\t\t\t\t<img loading=\"lazy\" decoding=\"async\" width=\"784\" height=\"1024\" src=\"https:\/\/renefuel.com\/wp-content\/uploads\/2025\/03\/Imagen3-784x1024.png\" class=\"attachment-large size-large wp-image-634\" alt=\"\" srcset=\"https:\/\/renefuel.com\/wp-content\/uploads\/2025\/03\/Imagen3-784x1024.png 784w, https:\/\/renefuel.com\/wp-content\/uploads\/2025\/03\/Imagen3-230x300.png 230w, https:\/\/renefuel.com\/wp-content\/uploads\/2025\/03\/Imagen3-768x1003.png 768w, https:\/\/renefuel.com\/wp-content\/uploads\/2025\/03\/Imagen3-1176x1536.png 1176w, https:\/\/renefuel.com\/wp-content\/uploads\/2025\/03\/Imagen3-1568x2048.png 1568w\" sizes=\"(max-width: 784px) 100vw, 784px\" \/>\t\t\t\t\t\t\t\t\t\t\t\t\t\t\t<\/div>\n\t\t\t\t<\/div>\n\t\t\t\t<\/div>\n\t\t<div class=\"elementor-element elementor-element-2af61bd e-con-full e-flex e-con e-child\" data-id=\"2af61bd\" data-element_type=\"container\" data-e-type=\"container\">\n\t\t<div class=\"elementor-element elementor-element-3ca783c e-con-full e-flex e-con e-child\" data-id=\"3ca783c\" data-element_type=\"container\" data-e-type=\"container\">\n\t\t\t\t<div class=\"elementor-element elementor-element-c30b17c elementor-widget elementor-widget-heading\" data-id=\"c30b17c\" data-element_type=\"widget\" data-e-type=\"widget\" data-widget_type=\"heading.default\">\n\t\t\t\t<div class=\"elementor-widget-container\">\n\t\t\t\t\t<h2 class=\"elementor-heading-title elementor-size-default\">Solu\u00e7\u00e3o\n\n\n<\/h2>\t\t\t\t<\/div>\n\t\t\t\t<\/div>\n\t\t\t\t<div class=\"elementor-element elementor-element-e07032c elementor-widget elementor-widget-heading\" data-id=\"e07032c\" data-element_type=\"widget\" data-e-type=\"widget\" data-widget_type=\"heading.default\">\n\t\t\t\t<div class=\"elementor-widget-container\">\n\t\t\t\t\t<h2 class=\"elementor-heading-title elementor-size-default\">C\u00e9lula de combust\u00edvel de metal alcalino\n\n\n<\/h2>\t\t\t\t<\/div>\n\t\t\t\t<\/div>\n\t\t\t\t<\/div>\n\t\t<div class=\"elementor-element elementor-element-b831695 e-con-full e-flex e-con e-child\" data-id=\"b831695\" data-element_type=\"container\" data-e-type=\"container\">\n\t\t\t\t<div class=\"elementor-element elementor-element-5570ff7 elementor-widget elementor-widget-text-editor\" data-id=\"5570ff7\" data-element_type=\"widget\" data-e-type=\"widget\" data-widget_type=\"text-editor.default\">\n\t\t\t\t<div class=\"elementor-widget-container\">\n\t\t\t\t\t\t\t\t\t<p>Armazena o metal alcalino como um s\u00f3lido<\/p><ul><li><b>Seguran\u00e7a<\/b> semelhante \u00e0 das baterias avan\u00e7adas de i\u00f5es de l\u00edtio<\/li><li><b>Densidade de energia volum\u00e9trica m\u00e1xima<\/b><\/li><li>Utiliza o metal alcalino l\u00edquido conforme necess\u00e1rio <b>(seguran\u00e7a<\/b>)<\/li><\/ul><p>Armazena os produtos da rea\u00e7\u00e3o na forma mais compacta poss\u00edvel<\/p><ul><li><b>Densidade de energia volum\u00e9trica m\u00e1xima<\/b><\/li><li>Optimiza uma solu\u00e7\u00e3o para extrair <b>uma elevada densidade de pot\u00eancia<\/b> de metais alcalinos<\/li><\/ul>\t\t\t\t\t\t\t\t<\/div>\n\t\t\t\t<\/div>\n\t\t\t\t<\/div>\n\t\t\t\t<\/div>\n\t\t\t\t\t<\/div>\n\t\t\t\t<\/div>\n\t\t\t\t<\/div>\n\t\t","protected":false},"excerpt":{"rendered":"<p>Desafio Neutralidade carb\u00f3nica 2050 A estrat\u00e9gia da Uni\u00e3o Europeia para 2050 para uma economia neutra em termos de carbono exige: Aumento da efici\u00eancia energ\u00e9tica Aumento da eletrifica\u00e7\u00e3o: A ado\u00e7\u00e3o em larga escala das energias renov\u00e1veis exige um armazenamento de energia em larga escala Diminui a utiliza\u00e7\u00e3o de combust\u00edveis f\u00f3sseis: Os combust\u00edveis f\u00f3sseis s\u00e3o densos em [&hellip;]<\/p>\n","protected":false},"author":1,"featured_media":0,"parent":0,"menu_order":0,"comment_status":"closed","ping_status":"closed","template":"elementor_header_footer","meta":{"footnotes":""},"class_list":["post-176","page","type-page","status-publish","hentry"],"_links":{"self":[{"href":"https:\/\/renefuel.com\/pt-pt\/wp-json\/wp\/v2\/pages\/176","targetHints":{"allow":["GET"]}}],"collection":[{"href":"https:\/\/renefuel.com\/pt-pt\/wp-json\/wp\/v2\/pages"}],"about":[{"href":"https:\/\/renefuel.com\/pt-pt\/wp-json\/wp\/v2\/types\/page"}],"author":[{"embeddable":true,"href":"https:\/\/renefuel.com\/pt-pt\/wp-json\/wp\/v2\/users\/1"}],"replies":[{"embeddable":true,"href":"https:\/\/renefuel.com\/pt-pt\/wp-json\/wp\/v2\/comments?post=176"}],"version-history":[{"count":23,"href":"https:\/\/renefuel.com\/pt-pt\/wp-json\/wp\/v2\/pages\/176\/revisions"}],"predecessor-version":[{"id":1504,"href":"https:\/\/renefuel.com\/pt-pt\/wp-json\/wp\/v2\/pages\/176\/revisions\/1504"}],"wp:attachment":[{"href":"https:\/\/renefuel.com\/pt-pt\/wp-json\/wp\/v2\/media?parent=176"}],"curies":[{"name":"wp","href":"https:\/\/api.w.org\/{rel}","templated":true}]}}