{"id":867,"date":"2025-03-29T21:19:10","date_gmt":"2025-03-29T21:19:10","guid":{"rendered":"https:\/\/renefuel.com\/missao\/"},"modified":"2025-05-08T12:13:30","modified_gmt":"2025-05-08T12:13:30","slug":"missao","status":"publish","type":"page","link":"https:\/\/renefuel.com\/pt-pt\/missao\/","title":{"rendered":"Miss\u00e3o"},"content":{"rendered":"\t\t<div data-elementor-type=\"wp-page\" data-elementor-id=\"867\" class=\"elementor elementor-867 elementor-775\" data-elementor-post-type=\"page\">\n\t\t\t\t<div class=\"elementor-element elementor-element-52a26a4 e-flex e-con-boxed e-con e-parent\" data-id=\"52a26a4\" data-element_type=\"container\" data-e-type=\"container\">\n\t\t\t\t\t<div class=\"e-con-inner\">\n\t\t<div class=\"elementor-element elementor-element-089a43a e-con-full e-flex e-con e-child\" data-id=\"089a43a\" data-element_type=\"container\" data-e-type=\"container\">\n\t\t\t\t<div class=\"elementor-element elementor-element-aa76bd2 elementor-widget elementor-widget-text-editor\" data-id=\"aa76bd2\" data-element_type=\"widget\" data-e-type=\"widget\" data-widget_type=\"text-editor.default\">\n\t\t\t\t<div class=\"elementor-widget-container\">\n\t\t\t\t\t\t\t\t\t<p>&#8211;<\/p><p>&#8211;<\/p><p>&#8211;<\/p>\t\t\t\t\t\t\t\t<\/div>\n\t\t\t\t<\/div>\n\t\t\t\t<\/div>\n\t\t<div class=\"elementor-element elementor-element-a36943f e-con-full e-flex e-con e-child\" data-id=\"a36943f\" data-element_type=\"container\" data-e-type=\"container\">\n\t\t\t\t<\/div>\n\t\t\t\t\t<\/div>\n\t\t\t\t<\/div>\n\t\t<div class=\"elementor-element elementor-element-19102cd e-flex e-con-boxed e-con e-parent\" data-id=\"19102cd\" data-element_type=\"container\" data-e-type=\"container\">\n\t\t\t\t\t<div class=\"e-con-inner\">\n\t\t<div class=\"elementor-element elementor-element-9f04f41 e-con-full e-flex e-con e-child\" data-id=\"9f04f41\" data-element_type=\"container\" data-e-type=\"container\">\n\t\t\t\t<div class=\"elementor-element elementor-element-edd5541 elementor-widget elementor-widget-image\" data-id=\"edd5541\" data-element_type=\"widget\" data-e-type=\"widget\" data-widget_type=\"image.default\">\n\t\t\t\t<div class=\"elementor-widget-container\">\n\t\t\t\t\t\t\t\t\t\t\t\t\t\t\t<img fetchpriority=\"high\" decoding=\"async\" width=\"300\" height=\"228\" src=\"https:\/\/renefuel.com\/wp-content\/uploads\/2025\/03\/Imagen11-300x228.png\" class=\"attachment-medium size-medium wp-image-905\" alt=\"\" srcset=\"https:\/\/renefuel.com\/wp-content\/uploads\/2025\/03\/Imagen11-300x228.png 300w, https:\/\/renefuel.com\/wp-content\/uploads\/2025\/03\/Imagen11.png 352w\" sizes=\"(max-width: 300px) 100vw, 300px\" \/>\t\t\t\t\t\t\t\t\t\t\t\t\t\t\t<\/div>\n\t\t\t\t<\/div>\n\t\t\t\t<div class=\"elementor-element elementor-element-a23aaba elementor-widget elementor-widget-text-editor\" data-id=\"a23aaba\" data-element_type=\"widget\" data-e-type=\"widget\" data-widget_type=\"text-editor.default\">\n\t\t\t\t<div class=\"elementor-widget-container\">\n\t\t\t\t\t\t\t\t\t<p><i>Em conclus\u00e3o, nunca \u00e9 demais sublinhar a urg\u00eancia de enfrentar as altera\u00e7\u00f5es clim\u00e1ticas e de fazer a transi\u00e7\u00e3o para solu\u00e7\u00f5es energ\u00e9ticas sustent\u00e1veis. Cada um de n\u00f3s tem um papel crucial a desempenhar no apoio \u00e0 ado\u00e7\u00e3o de pr\u00e1ticas e tecnologias de energia verde.  <\/i><\/p><p><i>N\u00f3s temos a resposta.<\/i><\/p><p><b><i>Aceita o desafio?<\/i><\/b><\/p>\t\t\t\t\t\t\t\t<\/div>\n\t\t\t\t<\/div>\n\t\t\t\t<div class=\"elementor-element elementor-element-e545e74 elementor-widget elementor-widget-image\" data-id=\"e545e74\" data-element_type=\"widget\" data-e-type=\"widget\" data-widget_type=\"image.default\">\n\t\t\t\t<div class=\"elementor-widget-container\">\n\t\t\t\t\t\t\t\t\t\t\t\t\t\t\t<img fetchpriority=\"high\" decoding=\"async\" width=\"300\" height=\"228\" src=\"https:\/\/renefuel.com\/wp-content\/uploads\/2025\/03\/Imagen11-300x228.png\" class=\"attachment-medium size-medium wp-image-905\" alt=\"\" srcset=\"https:\/\/renefuel.com\/wp-content\/uploads\/2025\/03\/Imagen11-300x228.png 300w, https:\/\/renefuel.com\/wp-content\/uploads\/2025\/03\/Imagen11.png 352w\" sizes=\"(max-width: 300px) 100vw, 300px\" \/>\t\t\t\t\t\t\t\t\t\t\t\t\t\t\t<\/div>\n\t\t\t\t<\/div>\n\t\t\t\t<\/div>\n\t\t<div class=\"elementor-element elementor-element-ba08aa7 e-con-full e-flex e-con e-child\" data-id=\"ba08aa7\" data-element_type=\"container\" data-e-type=\"container\">\n\t\t\t\t<\/div>\n\t\t\t\t\t<\/div>\n\t\t\t\t<\/div>\n\t\t<div class=\"elementor-element elementor-element-0c67183 e-flex e-con-boxed e-con e-parent\" data-id=\"0c67183\" data-element_type=\"container\" data-e-type=\"container\">\n\t\t\t\t\t<div class=\"e-con-inner\">\n\t\t<div class=\"elementor-element elementor-element-801f3c7 e-con-full e-flex e-con e-child\" data-id=\"801f3c7\" data-element_type=\"container\" data-e-type=\"container\">\n\t\t\t\t<div class=\"elementor-element elementor-element-1b30f8e elementor-widget elementor-widget-text-editor\" data-id=\"1b30f8e\" data-element_type=\"widget\" data-e-type=\"widget\" data-widget_type=\"text-editor.default\">\n\t\t\t\t<div class=\"elementor-widget-container\">\n\t\t\t\t\t\t\t\t\t<p>&#8211;<\/p><p>&#8211;<\/p><p>&#8211;<\/p>\t\t\t\t\t\t\t\t<\/div>\n\t\t\t\t<\/div>\n\t\t\t\t<\/div>\n\t\t<div class=\"elementor-element elementor-element-4df0498 e-con-full e-flex e-con e-child\" data-id=\"4df0498\" data-element_type=\"container\" data-e-type=\"container\">\n\t\t\t\t<\/div>\n\t\t\t\t\t<\/div>\n\t\t\t\t<\/div>\n\t\t\t\t<\/div>\n\t\t","protected":false},"excerpt":{"rendered":"<p>&#8211; &#8211; &#8211; Em conclus\u00e3o, nunca \u00e9 demais sublinhar a urg\u00eancia de enfrentar as altera\u00e7\u00f5es clim\u00e1ticas e de fazer a transi\u00e7\u00e3o para solu\u00e7\u00f5es energ\u00e9ticas sustent\u00e1veis. Cada um de n\u00f3s tem um papel crucial a desempenhar no apoio \u00e0 ado\u00e7\u00e3o de pr\u00e1ticas e tecnologias de energia verde. N\u00f3s temos a resposta. Aceita o desafio? &#8211; &#8211; [&hellip;]<\/p>\n","protected":false},"author":1,"featured_media":0,"parent":0,"menu_order":0,"comment_status":"closed","ping_status":"closed","template":"elementor_header_footer","meta":{"footnotes":""},"class_list":["post-867","page","type-page","status-publish","hentry"],"_links":{"self":[{"href":"https:\/\/renefuel.com\/pt-pt\/wp-json\/wp\/v2\/pages\/867","targetHints":{"allow":["GET"]}}],"collection":[{"href":"https:\/\/renefuel.com\/pt-pt\/wp-json\/wp\/v2\/pages"}],"about":[{"href":"https:\/\/renefuel.com\/pt-pt\/wp-json\/wp\/v2\/types\/page"}],"author":[{"embeddable":true,"href":"https:\/\/renefuel.com\/pt-pt\/wp-json\/wp\/v2\/users\/1"}],"replies":[{"embeddable":true,"href":"https:\/\/renefuel.com\/pt-pt\/wp-json\/wp\/v2\/comments?post=867"}],"version-history":[{"count":4,"href":"https:\/\/renefuel.com\/pt-pt\/wp-json\/wp\/v2\/pages\/867\/revisions"}],"predecessor-version":[{"id":1470,"href":"https:\/\/renefuel.com\/pt-pt\/wp-json\/wp\/v2\/pages\/867\/revisions\/1470"}],"wp:attachment":[{"href":"https:\/\/renefuel.com\/pt-pt\/wp-json\/wp\/v2\/media?parent=867"}],"curies":[{"name":"wp","href":"https:\/\/api.w.org\/{rel}","templated":true}]}}