{"id":877,"date":"2025-03-29T20:07:52","date_gmt":"2025-03-29T20:07:52","guid":{"rendered":"https:\/\/renefuel.com\/a-nossa-equipa\/"},"modified":"2025-05-08T12:13:31","modified_gmt":"2025-05-08T12:13:31","slug":"a-nossa-equipa","status":"publish","type":"page","link":"https:\/\/renefuel.com\/pt-pt\/a-nossa-equipa\/","title":{"rendered":"A nossa equipa"},"content":{"rendered":"\t\t<div data-elementor-type=\"wp-page\" data-elementor-id=\"877\" class=\"elementor elementor-877 elementor-705\" data-elementor-post-type=\"page\">\n\t\t\t\t<div class=\"elementor-element elementor-element-61185ad e-con-full e-flex e-con e-parent\" data-id=\"61185ad\" data-element_type=\"container\" data-e-type=\"container\">\n\t\t\t\t<div class=\"elementor-element elementor-element-2eaffe4 elementor-widget elementor-widget-text-editor\" data-id=\"2eaffe4\" data-element_type=\"widget\" data-e-type=\"widget\" data-widget_type=\"text-editor.default\">\n\t\t\t\t<div class=\"elementor-widget-container\">\n\t\t\t\t\t\t\t\t\t<p>A nossa equipa de especialistas em energia \u00e9 movida por um compromisso comum com a inova\u00e7\u00e3o sustent\u00e1vel. Com um s\u00f3lido historial no desenvolvimento e implementa\u00e7\u00e3o de solu\u00e7\u00f5es energ\u00e9ticas, combinamos um vasto conhecimento com uma paix\u00e3o pela cria\u00e7\u00e3o de um futuro mais limpo e sustent\u00e1vel.<\/p><p>Nossos valores s\u00e3o: Inova\u00e7\u00e3o, Seguran\u00e7a, Sustentabilidade, Integridade, Agilidade, Compromisso.<\/p>\t\t\t\t\t\t\t\t<\/div>\n\t\t\t\t<\/div>\n\t\t\t\t<\/div>\n\t\t<div class=\"elementor-element elementor-element-6bdff20 e-flex e-con-boxed e-con e-parent\" data-id=\"6bdff20\" data-element_type=\"container\" data-e-type=\"container\">\n\t\t\t\t\t<div class=\"e-con-inner\">\n\t\t\t\t<div class=\"elementor-element elementor-element-3bb2cbf elementor-testimonial--skin-default elementor-testimonial--layout-image_inline elementor-testimonial--align-center elementor-arrows-yes elementor-pagination-type-bullets elementor-widget elementor-widget-testimonial-carousel\" data-id=\"3bb2cbf\" data-element_type=\"widget\" data-e-type=\"widget\" data-settings=\"{&quot;space_between&quot;:{&quot;unit&quot;:&quot;px&quot;,&quot;size&quot;:12,&quot;sizes&quot;:[]},&quot;show_arrows&quot;:&quot;yes&quot;,&quot;pagination&quot;:&quot;bullets&quot;,&quot;speed&quot;:500,&quot;autoplay&quot;:&quot;yes&quot;,&quot;autoplay_speed&quot;:5000,&quot;loop&quot;:&quot;yes&quot;,&quot;pause_on_hover&quot;:&quot;yes&quot;,&quot;pause_on_interaction&quot;:&quot;yes&quot;,&quot;space_between_tablet&quot;:{&quot;unit&quot;:&quot;px&quot;,&quot;size&quot;:10,&quot;sizes&quot;:[]},&quot;space_between_mobile&quot;:{&quot;unit&quot;:&quot;px&quot;,&quot;size&quot;:10,&quot;sizes&quot;:[]}}\" data-widget_type=\"testimonial-carousel.default\">\n\t\t\t\t<div class=\"elementor-widget-container\">\n\t\t\t\t\t\t\t\t\t<div class=\"elementor-swiper\">\n\t\t\t\t\t<div class=\"elementor-main-swiper swiper\" role=\"region\" aria-roledescription=\"carousel\" aria-label=\"Slides\">\n\t\t\t\t<div class=\"swiper-wrapper\">\n\t\t\t\t\t\t\t\t\t\t\t<div class=\"swiper-slide\" role=\"group\" aria-roledescription=\"slide\">\n\t\t\t\t\t\t\t\t\t<div class=\"elementor-testimonial\">\n\t\t\t\t\t\t\t<div class=\"elementor-testimonial__content\">\n\t\t\t\t\t<div class=\"elementor-testimonial__text\">\n\t\t\t\t\t\t<p>Micaela Silva \u00e9 uma gestora experiente como CEO, com experi\u00eancia em desenvolvimento de neg\u00f3cios e transi\u00e7\u00e3o energ\u00e9tica, tecnologias de hidrog\u00e9nio e projectos de investimento no \u00e2mbito de opera\u00e7\u00f5es de private equity. PADE em Gest\u00e3o pela AESE.<\/p>\n\t\t\t\t\t<\/div>\n\t\t\t\t\t\t\t\t\t<\/div>\n\t\t\t\t\t\t<div class=\"elementor-testimonial__footer\">\n\t\t\t\t\t\t\t\t\t<div class=\"elementor-testimonial__image\">\n\t\t\t\t\t\t<img decoding=\"async\" src=\"https:\/\/renefuel.com\/wp-content\/uploads\/2025\/03\/Imagen7.webp\" alt=\"Micaela Silva\">\n\t\t\t\t\t\t\t\t\t\t\t<\/div>\n\t\t\t\t\t\t\t\t<cite class=\"elementor-testimonial__cite\"><span class=\"elementor-testimonial__name\">Micaela Silva<\/span><span class=\"elementor-testimonial__title\">DIRECTOR GERAL<\/span><\/cite>\t\t\t<\/div>\n\t\t<\/div>\n\t\t\t\t\t\t\t\t<\/div>\n\t\t\t\t\t\t\t\t\t\t\t<div class=\"swiper-slide\" role=\"group\" aria-roledescription=\"slide\">\n\t\t\t\t\t\t\t\t\t<div class=\"elementor-testimonial\">\n\t\t\t\t\t\t\t<div class=\"elementor-testimonial__content\">\n\t\t\t\t\t<div class=\"elementor-testimonial__text\">\n\t\t\t\t\t\t<p>Charles Amos \u00e9 um cientista e engenheiro de materiais com uma vasta experi\u00eancia relacionada com baterias de i\u00f5es de l\u00edtio e microscopia eletr\u00f3nica de transmiss\u00e3o avan\u00e7ada. Atualmente, \u00e9 engenheiro s\u00e9nior de investiga\u00e7\u00e3o e desenvolvimento na Freyr Battery, na Noruega, contribuindo para a cria\u00e7\u00e3o de uma ind\u00fastria nacional de fabrico de baterias de i\u00f5es de l\u00edtio na Europa. Anteriormente, trabalhou como bolseiro de p\u00f3s-doutoramento no INL, onde aplicou t\u00e9cnicas avan\u00e7adas de microscopia eletr\u00f3nica de transmiss\u00e3o com \u00eanfase em baterias de i\u00f5es de l\u00edtio e c\u00e9lulas de combust\u00edvel. Charles formou-se na Universidade do Texas em Austin em 2017 sob a orienta\u00e7\u00e3o do Dr. John B. Goodenough (Pr\u00e9mio Nobel de Qu\u00edmica 2019) e do Dr. Paulo J. Ferreira com um doutoramento em Ci\u00eancia e Engenharia de Materiais.  <\/p>\n\t\t\t\t\t<\/div>\n\t\t\t\t\t\t\t\t\t<\/div>\n\t\t\t\t\t\t<div class=\"elementor-testimonial__footer\">\n\t\t\t\t\t\t\t\t\t<div class=\"elementor-testimonial__image\">\n\t\t\t\t\t\t<img decoding=\"async\" src=\"https:\/\/renefuel.com\/wp-content\/uploads\/2025\/03\/Imagen8.webp\" alt=\"Charles Amos\">\n\t\t\t\t\t\t\t\t\t\t\t<\/div>\n\t\t\t\t\t\t\t\t<cite class=\"elementor-testimonial__cite\"><span class=\"elementor-testimonial__name\">Charles Amos<\/span><span class=\"elementor-testimonial__title\">CTO<\/span><\/cite>\t\t\t<\/div>\n\t\t<\/div>\n\t\t\t\t\t\t\t\t<\/div>\n\t\t\t\t\t\t\t\t\t\t\t<div class=\"swiper-slide\" role=\"group\" aria-roledescription=\"slide\">\n\t\t\t\t\t\t\t\t\t<div class=\"elementor-testimonial\">\n\t\t\t\t\t\t\t<div class=\"elementor-testimonial__content\">\n\t\t\t\t\t<div class=\"elementor-testimonial__text\">\n\t\t\t\t\t\t<p>Jo\u00e3o Mota \u00e9 um experiente gestor internacional (Diretor Geral e de Vendas) principalmente nos sectores da Ind\u00fastria de Processo, Automa\u00e7\u00e3o Industrial e Energias Renov\u00e1veis. Engenheiro Mec\u00e2nico pela FEUP e MBA Internacional em Estrat\u00e9gia Empresarial pela UIE.<\/p>\n\t\t\t\t\t<\/div>\n\t\t\t\t\t\t\t\t\t<\/div>\n\t\t\t\t\t\t<div class=\"elementor-testimonial__footer\">\n\t\t\t\t\t\t\t\t\t<div class=\"elementor-testimonial__image\">\n\t\t\t\t\t\t<img decoding=\"async\" src=\"https:\/\/renefuel.com\/wp-content\/uploads\/2025\/03\/Imagen9.webp\" alt=\"Jo\u00e3o Mota\">\n\t\t\t\t\t\t\t\t\t\t\t<\/div>\n\t\t\t\t\t\t\t\t<cite class=\"elementor-testimonial__cite\"><span class=\"elementor-testimonial__name\">Jo\u00e3o Mota<\/span><span class=\"elementor-testimonial__title\">COO<\/span><\/cite>\t\t\t<\/div>\n\t\t<\/div>\n\t\t\t\t\t\t\t\t<\/div>\n\t\t\t\t\t\t\t\t\t\t\t<div class=\"swiper-slide\" role=\"group\" aria-roledescription=\"slide\">\n\t\t\t\t\t\t\t\t\t<div class=\"elementor-testimonial\">\n\t\t\t\t\t\t\t<div class=\"elementor-testimonial__content\">\n\t\t\t\t\t<div class=\"elementor-testimonial__text\">\n\t\t\t\t\t\t<p>Gra\u00e7a Leite \u00e9 uma gestora experiente como CMO, com experi\u00eancia em marketing estrat\u00e9gico, liderando projectos significativos na transi\u00e7\u00e3o energ\u00e9tica. MBA em Marketing e Gest\u00e3o do Relacionamento com o Cliente pelo INDEG.<\/p>\n\t\t\t\t\t<\/div>\n\t\t\t\t\t\t\t\t\t<\/div>\n\t\t\t\t\t\t<div class=\"elementor-testimonial__footer\">\n\t\t\t\t\t\t\t\t\t<div class=\"elementor-testimonial__image\">\n\t\t\t\t\t\t<img decoding=\"async\" src=\"https:\/\/renefuel.com\/wp-content\/uploads\/2025\/03\/Imagen10.webp\" alt=\"Gra\u00e7a Leite\">\n\t\t\t\t\t\t\t\t\t\t\t<\/div>\n\t\t\t\t\t\t\t\t<cite class=\"elementor-testimonial__cite\"><span class=\"elementor-testimonial__name\">Gra\u00e7a Leite<\/span><span class=\"elementor-testimonial__title\">OCM<\/span><\/cite>\t\t\t<\/div>\n\t\t<\/div>\n\t\t\t\t\t\t\t\t<\/div>\n\t\t\t\t\t\t\t\t\t<\/div>\n\t\t\t\t\t\t\t\t\t\t\t\t\t\t\t<div class=\"elementor-swiper-button elementor-swiper-button-prev\" role=\"button\" tabindex=\"0\" aria-label=\"Anterior\">\n\t\t\t\t\t\t\t<svg aria-hidden=\"true\" class=\"e-font-icon-svg e-eicon-chevron-left\" viewBox=\"0 0 1000 1000\" xmlns=\"http:\/\/www.w3.org\/2000\/svg\"><path d=\"M646 125C629 125 613 133 604 142L308 442C296 454 292 471 292 487 292 504 296 521 308 533L604 854C617 867 629 875 646 875 663 875 679 871 692 858 704 846 713 829 713 812 713 796 708 779 692 767L438 487 692 225C700 217 708 204 708 187 708 171 704 154 692 142 675 129 663 125 646 125Z\"><\/path><\/svg>\t\t\t\t\t\t<\/div>\n\t\t\t\t\t\t<div class=\"elementor-swiper-button elementor-swiper-button-next\" role=\"button\" tabindex=\"0\" aria-label=\"Next\">\n\t\t\t\t\t\t\t<svg aria-hidden=\"true\" class=\"e-font-icon-svg e-eicon-chevron-right\" viewBox=\"0 0 1000 1000\" xmlns=\"http:\/\/www.w3.org\/2000\/svg\"><path d=\"M696 533C708 521 713 504 713 487 713 471 708 454 696 446L400 146C388 133 375 125 354 125 338 125 325 129 313 142 300 154 292 171 292 187 292 204 296 221 308 233L563 492 304 771C292 783 288 800 288 817 288 833 296 850 308 863 321 871 338 875 354 875 371 875 388 867 400 854L696 533Z\"><\/path><\/svg>\t\t\t\t\t\t<\/div>\n\t\t\t\t\t\t\t\t\t\t\t\t\t\t\t\t<div class=\"swiper-pagination\"><\/div>\n\t\t\t\t\t\t\t\t\t\t\t\t<\/div>\n\t\t\t\t<\/div>\n\t\t\t\t\t\t\t\t<\/div>\n\t\t\t\t<\/div>\n\t\t\t\t\t<\/div>\n\t\t\t\t<\/div>\n\t\t\t\t<\/div>\n\t\t","protected":false},"excerpt":{"rendered":"<p>A nossa equipa de especialistas em energia \u00e9 movida por um compromisso comum com a inova\u00e7\u00e3o sustent\u00e1vel. Com um s\u00f3lido historial no desenvolvimento e implementa\u00e7\u00e3o de solu\u00e7\u00f5es energ\u00e9ticas, combinamos um vasto conhecimento com uma paix\u00e3o pela cria\u00e7\u00e3o de um futuro mais limpo e sustent\u00e1vel. Nossos valores s\u00e3o: Inova\u00e7\u00e3o, Seguran\u00e7a, Sustentabilidade, Integridade, Agilidade, Compromisso. Micaela Silva [&hellip;]<\/p>\n","protected":false},"author":1,"featured_media":0,"parent":0,"menu_order":0,"comment_status":"closed","ping_status":"closed","template":"elementor_header_footer","meta":{"footnotes":""},"class_list":["post-877","page","type-page","status-publish","hentry"],"_links":{"self":[{"href":"https:\/\/renefuel.com\/pt-pt\/wp-json\/wp\/v2\/pages\/877","targetHints":{"allow":["GET"]}}],"collection":[{"href":"https:\/\/renefuel.com\/pt-pt\/wp-json\/wp\/v2\/pages"}],"about":[{"href":"https:\/\/renefuel.com\/pt-pt\/wp-json\/wp\/v2\/types\/page"}],"author":[{"embeddable":true,"href":"https:\/\/renefuel.com\/pt-pt\/wp-json\/wp\/v2\/users\/1"}],"replies":[{"embeddable":true,"href":"https:\/\/renefuel.com\/pt-pt\/wp-json\/wp\/v2\/comments?post=877"}],"version-history":[{"count":3,"href":"https:\/\/renefuel.com\/pt-pt\/wp-json\/wp\/v2\/pages\/877\/revisions"}],"predecessor-version":[{"id":1472,"href":"https:\/\/renefuel.com\/pt-pt\/wp-json\/wp\/v2\/pages\/877\/revisions\/1472"}],"wp:attachment":[{"href":"https:\/\/renefuel.com\/pt-pt\/wp-json\/wp\/v2\/media?parent=877"}],"curies":[{"name":"wp","href":"https:\/\/api.w.org\/{rel}","templated":true}]}}